{"id":346,"date":"2022-03-29T20:50:23","date_gmt":"2022-03-29T18:50:23","guid":{"rendered":"https:\/\/tsvmusberg.de\/tennis\/?page_id=346"},"modified":"2022-08-20T15:13:35","modified_gmt":"2022-08-20T13:13:35","slug":"zugang-tennisanlage","status":"publish","type":"page","link":"https:\/\/tsvmusberg.de\/tennis\/organisation\/zugang-tennisanlage\/","title":{"rendered":"Zugang Tennisanlage"},"content":{"rendered":"[vc_row type=&#8221;in_container&#8221; full_screen_row_position=&#8221;middle&#8221; column_margin=&#8221;default&#8221; column_direction=&#8221;default&#8221; column_direction_tablet=&#8221;default&#8221; column_direction_phone=&#8221;default&#8221; scene_position=&#8221;center&#8221; text_color=&#8221;dark&#8221; text_align=&#8221;left&#8221; row_border_radius=&#8221;none&#8221; row_border_radius_applies=&#8221;bg&#8221; overflow=&#8221;visible&#8221; overlay_strength=&#8221;0.3&#8243; gradient_direction=&#8221;left_to_right&#8221; shape_divider_position=&#8221;bottom&#8221; bg_image_animation=&#8221;none&#8221;][vc_column column_padding=&#8221;no-extra-padding&#8221; column_padding_tablet=&#8221;inherit&#8221; column_padding_phone=&#8221;inherit&#8221; column_padding_position=&#8221;all&#8221; column_element_direction_desktop=&#8221;default&#8221; column_element_spacing=&#8221;default&#8221; desktop_text_alignment=&#8221;default&#8221; tablet_text_alignment=&#8221;default&#8221; phone_text_alignment=&#8221;default&#8221; background_color_opacity=&#8221;1&#8243; background_hover_color_opacity=&#8221;1&#8243; column_backdrop_filter=&#8221;none&#8221; column_shadow=&#8221;none&#8221; column_border_radius=&#8221;none&#8221; column_link_target=&#8221;_self&#8221; column_position=&#8221;default&#8221; gradient_direction=&#8221;left_to_right&#8221; overlay_strength=&#8221;0.3&#8243; width=&#8221;1\/1&#8243; tablet_width_inherit=&#8221;default&#8221; animation_type=&#8221;default&#8221; bg_image_animation=&#8221;none&#8221; border_type=&#8221;simple&#8221; column_border_width=&#8221;none&#8221; column_border_style=&#8221;solid&#8221;][vc_column_text]\n<div id=\"c1150\">\n<h2>Regelungen bez\u00fcglich des Zugangs zur Tennisanlage<\/h2>\n<div class=\"ce-textpic ce-left ce-above\">\n<div class=\"ce-bodytext\">\n<p>Grunds\u00e4tzlich haben alle Mitglieder der Tennisabteilung freien Zugang zu unserer Tennisanlage.<\/p>\n<p>F\u00fcr unsere &#8216;normalen Mitglieder&#8217; ist hierbei zum einen der Zugang zum Clubhaus mit den Umkleider\u00e4umen, Duschen, und sanit\u00e4ren Einrichtungen wichtig und zum anderen der Zugang zur Tennishalle.<\/p>\n<p><b>Bitte beachtet aktuell die besonderen Regelungen der Corona-Verordnung<\/b><\/p>\n<p>Derzeit gibt es folgende Zugangsm\u00f6chkeiten:<\/p>\n<p><b>T\u00fcr Clubhaus oben:<\/b><\/p>\n<p>Dieser Eingang ist ge\u00f6ffnet w\u00e4hrend der \u00d6ffnungszeiten der Clubhausgastst\u00e4tte. Schloss kann nur von innen ge\u00f6ffnet werden. Bitte T\u00fcre geschlossen halten, wenn die Gastst\u00e4tte nicht ge\u00f6ffnet ist.<\/p>\n<p><b>T\u00fcre Clubhaus unten:<\/b><\/p>\n<p>Seit M\u00e4rz 2017 ist die T\u00fcr mit einen elektronischen Schloss versehen. Unsere Mitglieder k\u00f6nnen diese T\u00fcr bequem mittels einer Transponderkarte (siehe unten) bedienen.<\/p>\n<p><b>T\u00fcre Tennishalle:<\/b><\/p>\n<p>Diese T\u00fcre ist der Haupteingang zur Tennishalle aber auch Zugang zum Clubhaus f\u00fcr Tennisspieler. Die T\u00fcre ist seit 2015 mit einem Code-Schloss versehen.<br \/>\nGelegentliche Mieter in der Tennishalle haben Zugang zur Tennishalle und den Umkleiden \u00fcber einen\u00a0 zugesandten, tempor\u00e4ren Code.<\/p>\n<p><b>Unsere Mitglieder k\u00f6nnen eine Transponderkarte (TK) erwerben, mit der sie bequem Zugang zum Clubhaus (T\u00fcr im Untergeschoss), \u00a0den Umkleiden\u00a0 und zur Tennishalle haben.\u00a0<\/b><\/p>\n<p><b>N\u00e4here Details zur Transponderkarte:<br \/>\n<\/b>Diese Transponderkarte h\u00e4lt man in die N\u00e4he des Leseger\u00e4tes rechts neben der Tennishalleneingangst\u00fcr bzw. der Clubhaust\u00fcr in UG. Die Karten werden auch innerhalb einer Tasche oder eines Geldbeutels erkannt.<br \/>\nIm Hintergrund wird jedes \u00d6ffnen der T\u00fcren protokolliert.<\/p>\n<p>Jedes Mitglied der Tennisabteilung kann zum Preis von 5\u20ac \u00a0eine Transponderkarte (TK) an der Theke in der Clubhaus-Gastst\u00e4tte erwerben. Zum Zeitpunkt des Erwerbs ist die TK nicht aktiv. Zur Aktivierung wird die Karte \u00fcber eine 5-stellige Kartennummer (diese findet ihr auf der Frontseite der TK) dem Mitglied zugeordnet. Dies erfolgt durch Eintragungen in unserem Verwaltungstool Ebusy durch unseren Support.<\/p>\n<p><b>Zur Freischaltung ben\u00f6tigen wir folgende Angaben:\u00a0<\/b><\/p>\n<p>Vorname, Nachname, E-Mail-Adresse, 5-stellige Kartennummer.<\/p>\n<p>Am einfachsten erledigt ihr das Ganze \u00fcber das kleine Formular unten.<\/p>\n<p>Meldet uns bitte den Verlust oder eine Besch\u00e4digung der Transponderkarte \u00fcber den Link unten. Die TK wird dann deaktiviert.<\/p>\n<\/div>\n<\/div>\n<\/div>\n[\/vc_column_text][\/vc_column][\/vc_row][vc_row type=&#8221;in_container&#8221; full_screen_row_position=&#8221;middle&#8221; column_margin=&#8221;default&#8221; column_direction=&#8221;default&#8221; column_direction_tablet=&#8221;default&#8221; column_direction_phone=&#8221;default&#8221; scene_position=&#8221;center&#8221; text_color=&#8221;dark&#8221; text_align=&#8221;left&#8221; row_border_radius=&#8221;none&#8221; row_border_radius_applies=&#8221;bg&#8221; overflow=&#8221;visible&#8221; overlay_strength=&#8221;0.3&#8243; gradient_direction=&#8221;left_to_right&#8221; shape_divider_position=&#8221;bottom&#8221; bg_image_animation=&#8221;none&#8221;][vc_column column_padding=&#8221;no-extra-padding&#8221; column_padding_tablet=&#8221;inherit&#8221; column_padding_phone=&#8221;inherit&#8221; column_padding_position=&#8221;all&#8221; column_element_direction_desktop=&#8221;default&#8221; column_element_spacing=&#8221;default&#8221; desktop_text_alignment=&#8221;default&#8221; tablet_text_alignment=&#8221;default&#8221; phone_text_alignment=&#8221;default&#8221; background_color_opacity=&#8221;1&#8243; background_hover_color_opacity=&#8221;1&#8243; column_backdrop_filter=&#8221;none&#8221; column_shadow=&#8221;none&#8221; column_border_radius=&#8221;none&#8221; column_link_target=&#8221;_self&#8221; column_position=&#8221;default&#8221; gradient_direction=&#8221;left_to_right&#8221; overlay_strength=&#8221;0.3&#8243; width=&#8221;1\/1&#8243; tablet_width_inherit=&#8221;default&#8221; animation_type=&#8221;default&#8221; bg_image_animation=&#8221;none&#8221; border_type=&#8221;simple&#8221; column_border_width=&#8221;none&#8221; column_border_style=&#8221;solid&#8221;][nectar_btn size=&#8221;medium&#8221; button_style=&#8221;regular&#8221; button_color_2=&#8221;Accent-Color&#8221; icon_family=&#8221;none&#8221; text=&#8221;Transponder aktivieren\/sperren&#8221; url=&#8221;https:\/\/tsvmusberg.de\/tennis\/wp-admin\/post.php?vc_action=vc_inline&amp;post_id=967&amp;post_type=page&#8221;][\/vc_column][\/vc_row]\n","protected":false},"excerpt":{"rendered":"<p>[vc_row type=&#8221;in_container&#8221; full_screen_row_position=&#8221;middle&#8221; column_margin=&#8221;default&#8221; column_direction=&#8221;default&#8221; column_direction_tablet=&#8221;default&#8221; column_direction_phone=&#8221;default&#8221; scene_position=&#8221;center&#8221; text_color=&#8221;dark&#8221; text_align=&#8221;left&#8221; row_border_radius=&#8221;none&#8221; row_border_radius_applies=&#8221;bg&#8221; overflow=&#8221;visible&#8221; overlay_strength=&#8221;0.3&#8243; gradient_direction=&#8221;left_to_right&#8221; shape_divider_position=&#8221;bottom&#8221; bg_image_animation=&#8221;none&#8221;][vc_column column_padding=&#8221;no-extra-padding&#8221; column_padding_tablet=&#8221;inherit&#8221; column_padding_phone=&#8221;inherit&#8221; column_padding_position=&#8221;all&#8221; column_element_direction_desktop=&#8221;default&#8221; column_element_spacing=&#8221;default&#8221; desktop_text_alignment=&#8221;default&#8221; tablet_text_alignment=&#8221;default&#8221; phone_text_alignment=&#8221;default&#8221; background_color_opacity=&#8221;1&#8243; background_hover_color_opacity=&#8221;1&#8243; column_backdrop_filter=&#8221;none&#8221; column_shadow=&#8221;none&#8221;&#8230;<\/p>\n","protected":false},"author":1,"featured_media":0,"parent":338,"menu_order":0,"comment_status":"closed","ping_status":"closed","template":"","meta":{"footnotes":""},"class_list":["post-346","page","type-page","status-publish"],"yoast_head":"<!-- This site is optimized with the Yoast SEO plugin v27.4 - https:\/\/yoast.com\/product\/yoast-seo-wordpress\/ -->\n<title>Zugang Tennisanlage | Tennis<\/title>\n<meta name=\"robots\" content=\"index, follow, max-snippet:-1, max-image-preview:large, max-video-preview:-1\" \/>\n<link rel=\"canonical\" href=\"https:\/\/tsvmusberg.de\/tennis\/organisation\/zugang-tennisanlage\/\" \/>\n<meta property=\"og:locale\" content=\"de_DE\" \/>\n<meta property=\"og:type\" content=\"article\" \/>\n<meta property=\"og:title\" content=\"Zugang Tennisanlage | Tennis\" \/>\n<meta property=\"og:description\" content=\"[vc_row type=&#8221;in_container&#8221; full_screen_row_position=&#8221;middle&#8221; column_margin=&#8221;default&#8221; column_direction=&#8221;default&#8221; column_direction_tablet=&#8221;default&#8221; column_direction_phone=&#8221;default&#8221; scene_position=&#8221;center&#8221; text_color=&#8221;dark&#8221; text_align=&#8221;left&#8221; row_border_radius=&#8221;none&#8221; row_border_radius_applies=&#8221;bg&#8221; overflow=&#8221;visible&#8221; overlay_strength=&#8221;0.3&#8243; gradient_direction=&#8221;left_to_right&#8221; shape_divider_position=&#8221;bottom&#8221; bg_image_animation=&#8221;none&#8221;][vc_column column_padding=&#8221;no-extra-padding&#8221; column_padding_tablet=&#8221;inherit&#8221; column_padding_phone=&#8221;inherit&#8221; column_padding_position=&#8221;all&#8221; column_element_direction_desktop=&#8221;default&#8221; column_element_spacing=&#8221;default&#8221; desktop_text_alignment=&#8221;default&#8221; tablet_text_alignment=&#8221;default&#8221; phone_text_alignment=&#8221;default&#8221; background_color_opacity=&#8221;1&#8243; background_hover_color_opacity=&#8221;1&#8243; column_backdrop_filter=&#8221;none&#8221; column_shadow=&#8221;none&#8221;...\" \/>\n<meta property=\"og:url\" content=\"https:\/\/tsvmusberg.de\/tennis\/organisation\/zugang-tennisanlage\/\" \/>\n<meta property=\"og:site_name\" content=\"Tennis\" \/>\n<meta property=\"article:modified_time\" content=\"2022-08-20T13:13:35+00:00\" \/>\n<meta name=\"twitter:card\" content=\"summary_large_image\" \/>\n<meta name=\"twitter:label1\" content=\"Gesch\u00e4tzte Lesezeit\" \/>\n\t<meta name=\"twitter:data1\" content=\"3\u00a0Minuten\" \/>\n<script type=\"application\/ld+json\" class=\"yoast-schema-graph\">{\"@context\":\"https:\\\/\\\/schema.org\",\"@graph\":[{\"@type\":\"WebPage\",\"@id\":\"https:\\\/\\\/tsvmusberg.de\\\/tennis\\\/organisation\\\/zugang-tennisanlage\\\/\",\"url\":\"https:\\\/\\\/tsvmusberg.de\\\/tennis\\\/organisation\\\/zugang-tennisanlage\\\/\",\"name\":\"Zugang Tennisanlage | Tennis\",\"isPartOf\":{\"@id\":\"https:\\\/\\\/tsvmusberg.de\\\/tennis\\\/#website\"},\"datePublished\":\"2022-03-29T18:50:23+00:00\",\"dateModified\":\"2022-08-20T13:13:35+00:00\",\"breadcrumb\":{\"@id\":\"https:\\\/\\\/tsvmusberg.de\\\/tennis\\\/organisation\\\/zugang-tennisanlage\\\/#breadcrumb\"},\"inLanguage\":\"de\",\"potentialAction\":[{\"@type\":\"ReadAction\",\"target\":[\"https:\\\/\\\/tsvmusberg.de\\\/tennis\\\/organisation\\\/zugang-tennisanlage\\\/\"]}]},{\"@type\":\"BreadcrumbList\",\"@id\":\"https:\\\/\\\/tsvmusberg.de\\\/tennis\\\/organisation\\\/zugang-tennisanlage\\\/#breadcrumb\",\"itemListElement\":[{\"@type\":\"ListItem\",\"position\":1,\"name\":\"Startseite\",\"item\":\"https:\\\/\\\/tsvmusberg.de\\\/tennis\\\/\"},{\"@type\":\"ListItem\",\"position\":2,\"name\":\"Organisation\",\"item\":\"https:\\\/\\\/tsvmusberg.de\\\/tennis\\\/organisation\\\/\"},{\"@type\":\"ListItem\",\"position\":3,\"name\":\"Zugang Tennisanlage\"}]},{\"@type\":\"WebSite\",\"@id\":\"https:\\\/\\\/tsvmusberg.de\\\/tennis\\\/#website\",\"url\":\"https:\\\/\\\/tsvmusberg.de\\\/tennis\\\/\",\"name\":\"Tennis\",\"description\":\"Turn- und Sportvereinigung in Leinfelden-Echterdingen\",\"publisher\":{\"@id\":\"https:\\\/\\\/tsvmusberg.de\\\/tennis\\\/#organization\"},\"potentialAction\":[{\"@type\":\"SearchAction\",\"target\":{\"@type\":\"EntryPoint\",\"urlTemplate\":\"https:\\\/\\\/tsvmusberg.de\\\/tennis\\\/?s={search_term_string}\"},\"query-input\":{\"@type\":\"PropertyValueSpecification\",\"valueRequired\":true,\"valueName\":\"search_term_string\"}}],\"inLanguage\":\"de\"},{\"@type\":\"Organization\",\"@id\":\"https:\\\/\\\/tsvmusberg.de\\\/tennis\\\/#organization\",\"name\":\"TSV Musberg e.V.\",\"url\":\"https:\\\/\\\/tsvmusberg.de\\\/tennis\\\/\",\"logo\":{\"@type\":\"ImageObject\",\"inLanguage\":\"de\",\"@id\":\"https:\\\/\\\/tsvmusberg.de\\\/tennis\\\/#\\\/schema\\\/logo\\\/image\\\/\",\"url\":\"https:\\\/\\\/tsvmusberg.de\\\/tennis\\\/wp-content\\\/uploads\\\/sites\\\/2\\\/tsv-musberg-logo.svg\",\"contentUrl\":\"https:\\\/\\\/tsvmusberg.de\\\/tennis\\\/wp-content\\\/uploads\\\/sites\\\/2\\\/tsv-musberg-logo.svg\",\"width\":1,\"height\":1,\"caption\":\"TSV Musberg e.V.\"},\"image\":{\"@id\":\"https:\\\/\\\/tsvmusberg.de\\\/tennis\\\/#\\\/schema\\\/logo\\\/image\\\/\"}}]}<\/script>\n<!-- \/ Yoast SEO plugin. -->","yoast_head_json":{"title":"Zugang Tennisanlage | Tennis","robots":{"index":"index","follow":"follow","max-snippet":"max-snippet:-1","max-image-preview":"max-image-preview:large","max-video-preview":"max-video-preview:-1"},"canonical":"https:\/\/tsvmusberg.de\/tennis\/organisation\/zugang-tennisanlage\/","og_locale":"de_DE","og_type":"article","og_title":"Zugang Tennisanlage | Tennis","og_description":"[vc_row type=&#8221;in_container&#8221; full_screen_row_position=&#8221;middle&#8221; column_margin=&#8221;default&#8221; column_direction=&#8221;default&#8221; column_direction_tablet=&#8221;default&#8221; column_direction_phone=&#8221;default&#8221; scene_position=&#8221;center&#8221; text_color=&#8221;dark&#8221; text_align=&#8221;left&#8221; row_border_radius=&#8221;none&#8221; row_border_radius_applies=&#8221;bg&#8221; overflow=&#8221;visible&#8221; overlay_strength=&#8221;0.3&#8243; gradient_direction=&#8221;left_to_right&#8221; shape_divider_position=&#8221;bottom&#8221; bg_image_animation=&#8221;none&#8221;][vc_column column_padding=&#8221;no-extra-padding&#8221; column_padding_tablet=&#8221;inherit&#8221; column_padding_phone=&#8221;inherit&#8221; column_padding_position=&#8221;all&#8221; column_element_direction_desktop=&#8221;default&#8221; column_element_spacing=&#8221;default&#8221; desktop_text_alignment=&#8221;default&#8221; tablet_text_alignment=&#8221;default&#8221; phone_text_alignment=&#8221;default&#8221; background_color_opacity=&#8221;1&#8243; background_hover_color_opacity=&#8221;1&#8243; column_backdrop_filter=&#8221;none&#8221; column_shadow=&#8221;none&#8221;...","og_url":"https:\/\/tsvmusberg.de\/tennis\/organisation\/zugang-tennisanlage\/","og_site_name":"Tennis","article_modified_time":"2022-08-20T13:13:35+00:00","twitter_card":"summary_large_image","twitter_misc":{"Gesch\u00e4tzte Lesezeit":"3\u00a0Minuten"},"schema":{"@context":"https:\/\/schema.org","@graph":[{"@type":"WebPage","@id":"https:\/\/tsvmusberg.de\/tennis\/organisation\/zugang-tennisanlage\/","url":"https:\/\/tsvmusberg.de\/tennis\/organisation\/zugang-tennisanlage\/","name":"Zugang Tennisanlage | Tennis","isPartOf":{"@id":"https:\/\/tsvmusberg.de\/tennis\/#website"},"datePublished":"2022-03-29T18:50:23+00:00","dateModified":"2022-08-20T13:13:35+00:00","breadcrumb":{"@id":"https:\/\/tsvmusberg.de\/tennis\/organisation\/zugang-tennisanlage\/#breadcrumb"},"inLanguage":"de","potentialAction":[{"@type":"ReadAction","target":["https:\/\/tsvmusberg.de\/tennis\/organisation\/zugang-tennisanlage\/"]}]},{"@type":"BreadcrumbList","@id":"https:\/\/tsvmusberg.de\/tennis\/organisation\/zugang-tennisanlage\/#breadcrumb","itemListElement":[{"@type":"ListItem","position":1,"name":"Startseite","item":"https:\/\/tsvmusberg.de\/tennis\/"},{"@type":"ListItem","position":2,"name":"Organisation","item":"https:\/\/tsvmusberg.de\/tennis\/organisation\/"},{"@type":"ListItem","position":3,"name":"Zugang Tennisanlage"}]},{"@type":"WebSite","@id":"https:\/\/tsvmusberg.de\/tennis\/#website","url":"https:\/\/tsvmusberg.de\/tennis\/","name":"Tennis","description":"Turn- und Sportvereinigung in Leinfelden-Echterdingen","publisher":{"@id":"https:\/\/tsvmusberg.de\/tennis\/#organization"},"potentialAction":[{"@type":"SearchAction","target":{"@type":"EntryPoint","urlTemplate":"https:\/\/tsvmusberg.de\/tennis\/?s={search_term_string}"},"query-input":{"@type":"PropertyValueSpecification","valueRequired":true,"valueName":"search_term_string"}}],"inLanguage":"de"},{"@type":"Organization","@id":"https:\/\/tsvmusberg.de\/tennis\/#organization","name":"TSV Musberg e.V.","url":"https:\/\/tsvmusberg.de\/tennis\/","logo":{"@type":"ImageObject","inLanguage":"de","@id":"https:\/\/tsvmusberg.de\/tennis\/#\/schema\/logo\/image\/","url":"https:\/\/tsvmusberg.de\/tennis\/wp-content\/uploads\/sites\/2\/tsv-musberg-logo.svg","contentUrl":"https:\/\/tsvmusberg.de\/tennis\/wp-content\/uploads\/sites\/2\/tsv-musberg-logo.svg","width":1,"height":1,"caption":"TSV Musberg e.V."},"image":{"@id":"https:\/\/tsvmusberg.de\/tennis\/#\/schema\/logo\/image\/"}}]}},"_links":{"self":[{"href":"https:\/\/tsvmusberg.de\/tennis\/wp-json\/wp\/v2\/pages\/346","targetHints":{"allow":["GET"]}}],"collection":[{"href":"https:\/\/tsvmusberg.de\/tennis\/wp-json\/wp\/v2\/pages"}],"about":[{"href":"https:\/\/tsvmusberg.de\/tennis\/wp-json\/wp\/v2\/types\/page"}],"author":[{"embeddable":true,"href":"https:\/\/tsvmusberg.de\/tennis\/wp-json\/wp\/v2\/users\/1"}],"replies":[{"embeddable":true,"href":"https:\/\/tsvmusberg.de\/tennis\/wp-json\/wp\/v2\/comments?post=346"}],"version-history":[{"count":4,"href":"https:\/\/tsvmusberg.de\/tennis\/wp-json\/wp\/v2\/pages\/346\/revisions"}],"predecessor-version":[{"id":972,"href":"https:\/\/tsvmusberg.de\/tennis\/wp-json\/wp\/v2\/pages\/346\/revisions\/972"}],"up":[{"embeddable":true,"href":"https:\/\/tsvmusberg.de\/tennis\/wp-json\/wp\/v2\/pages\/338"}],"wp:attachment":[{"href":"https:\/\/tsvmusberg.de\/tennis\/wp-json\/wp\/v2\/media?parent=346"}],"curies":[{"name":"wp","href":"https:\/\/api.w.org\/{rel}","templated":true}]}}