{"id":336,"date":"2022-03-29T20:48:41","date_gmt":"2022-03-29T18:48:41","guid":{"rendered":"https:\/\/tsvmusberg.de\/tennis\/?page_id=336"},"modified":"2024-09-30T15:14:26","modified_gmt":"2024-09-30T13:14:26","slug":"spezielle-hallenangebote-fuer-unsere-mitglieder","status":"publish","type":"page","link":"https:\/\/tsvmusberg.de\/tennis\/sportangebot\/spezielle-hallenangebote-fuer-unsere-mitglieder\/","title":{"rendered":"Spezielle Hallenangebote f\u00fcr unsere Mitglieder"},"content":{"rendered":"[vc_row type=&#8221;in_container&#8221; full_screen_row_position=&#8221;middle&#8221; column_margin=&#8221;default&#8221; column_direction=&#8221;default&#8221; column_direction_tablet=&#8221;default&#8221; column_direction_phone=&#8221;default&#8221; scene_position=&#8221;center&#8221; text_color=&#8221;dark&#8221; text_align=&#8221;left&#8221; row_border_radius=&#8221;none&#8221; row_border_radius_applies=&#8221;bg&#8221; overflow=&#8221;visible&#8221; overlay_strength=&#8221;0.3&#8243; gradient_direction=&#8221;left_to_right&#8221; shape_divider_position=&#8221;bottom&#8221; bg_image_animation=&#8221;none&#8221;][vc_column column_padding=&#8221;no-extra-padding&#8221; column_padding_tablet=&#8221;inherit&#8221; column_padding_phone=&#8221;inherit&#8221; column_padding_position=&#8221;all&#8221; column_element_direction_desktop=&#8221;default&#8221; column_element_spacing=&#8221;default&#8221; desktop_text_alignment=&#8221;default&#8221; tablet_text_alignment=&#8221;default&#8221; phone_text_alignment=&#8221;default&#8221; background_color_opacity=&#8221;1&#8243; background_hover_color_opacity=&#8221;1&#8243; column_backdrop_filter=&#8221;none&#8221; column_shadow=&#8221;none&#8221; column_border_radius=&#8221;none&#8221; column_link_target=&#8221;_self&#8221; column_position=&#8221;default&#8221; gradient_direction=&#8221;left_to_right&#8221; overlay_strength=&#8221;0.3&#8243; width=&#8221;1\/1&#8243; tablet_width_inherit=&#8221;default&#8221; animation_type=&#8221;default&#8221; bg_image_animation=&#8221;none&#8221; border_type=&#8221;simple&#8221; column_border_width=&#8221;none&#8221; column_border_style=&#8221;solid&#8221;][vc_column_text]\n<div id=\"c1968\">\n<div class=\"ce-textpic ce-left ce-above\">\n<div class=\"ce-bodytext\"><\/div>\n<\/div>\n<\/div>\n<div id=\"c1973\">\n<div class=\"ce-textpic ce-left ce-above\">\n<div class=\"ce-bodytext\">\n<h2>Spezielles Trainings-Abo f\u00fcr unsere Mannschaften<\/h2>\n<\/div>\n<\/div>\n<\/div>\n<div id=\"c1974\">\n<div class=\"ce-textpic ce-left ce-above\">\n<div class=\"ce-bodytext\">\n<p>Schon seit der Wintersaison 2017\/18 gibt es f\u00fcr alle unsere Mannschaften ein spezielles Trainings-Abo.<\/p>\n<p><b>Was wollen wir erreichen:<\/b><\/p>\n<ul>\n<li>Unsere aktiven Mannschaften sollen auch in der Hallensaison gute Trainingsbedingungen haben<\/li>\n<li>Die Nebenzeiten unserer Tennishalle sind bei weitem nicht ausgelastet<\/li>\n<\/ul>\n<h3><b>Das Angebot:<\/b><\/h3>\n<p>Jede Mannschaft kann in den Nebenzeiten der Tennishalle ein Abo zu besonders g\u00fcnstigen Bedingungen f\u00fcr 1 Stunde zus\u00e4tzliches Mannschaftsraining buchen.<br \/>\nDer Abo-Preis ist mit 10 \u20ac pro Stunde kalkuliert. Die Buchung erfolg \u00fcber den Mannschaftsf\u00fchrer. Diesem wird auch der Abo-Preis belastet. Der Mannschaftf\u00fchrer ist f\u00fcr die Umlage der Kosten auf die Trainingsteilnehmer verantwortllich. Der Kreis der Trainings-Teilnehmer ist auf die jeweiligen Mannschaftsmitglieder beschr\u00e4nkt.<\/p>\n<p>Wir hoffen, dass viele Mannschaften von dem Angebot Gebrauch machen. Aller Voraussicht nach wird dieses Angebot auch f\u00fcr die kommenden Hallensaison bestehen bleiben.<\/p>\n<\/div>\n<\/div>\n<\/div>\n[\/vc_column_text][\/vc_column][\/vc_row]\n","protected":false},"excerpt":{"rendered":"<p>[vc_row type=&#8221;in_container&#8221; full_screen_row_position=&#8221;middle&#8221; column_margin=&#8221;default&#8221; column_direction=&#8221;default&#8221; column_direction_tablet=&#8221;default&#8221; column_direction_phone=&#8221;default&#8221; scene_position=&#8221;center&#8221; text_color=&#8221;dark&#8221; text_align=&#8221;left&#8221; row_border_radius=&#8221;none&#8221; row_border_radius_applies=&#8221;bg&#8221; overflow=&#8221;visible&#8221; overlay_strength=&#8221;0.3&#8243; gradient_direction=&#8221;left_to_right&#8221; shape_divider_position=&#8221;bottom&#8221; bg_image_animation=&#8221;none&#8221;][vc_column column_padding=&#8221;no-extra-padding&#8221; column_padding_tablet=&#8221;inherit&#8221; column_padding_phone=&#8221;inherit&#8221; column_padding_position=&#8221;all&#8221; column_element_direction_desktop=&#8221;default&#8221; column_element_spacing=&#8221;default&#8221; desktop_text_alignment=&#8221;default&#8221; tablet_text_alignment=&#8221;default&#8221; phone_text_alignment=&#8221;default&#8221; background_color_opacity=&#8221;1&#8243; background_hover_color_opacity=&#8221;1&#8243; column_backdrop_filter=&#8221;none&#8221; column_shadow=&#8221;none&#8221;&#8230;<\/p>\n","protected":false},"author":1,"featured_media":0,"parent":397,"menu_order":0,"comment_status":"closed","ping_status":"closed","template":"","meta":{"footnotes":""},"class_list":["post-336","page","type-page","status-publish"],"yoast_head":"<!-- This site is optimized with the Yoast SEO plugin v27.4 - https:\/\/yoast.com\/product\/yoast-seo-wordpress\/ -->\n<title>Spezielle Hallenangebote f\u00fcr unsere Mitglieder | Tennis<\/title>\n<meta name=\"robots\" content=\"index, follow, max-snippet:-1, max-image-preview:large, max-video-preview:-1\" \/>\n<link rel=\"canonical\" href=\"https:\/\/tsvmusberg.de\/tennis\/sportangebot\/spezielle-hallenangebote-fuer-unsere-mitglieder\/\" \/>\n<meta property=\"og:locale\" content=\"de_DE\" \/>\n<meta property=\"og:type\" content=\"article\" \/>\n<meta property=\"og:title\" content=\"Spezielle Hallenangebote f\u00fcr unsere Mitglieder | Tennis\" \/>\n<meta property=\"og:description\" content=\"[vc_row type=&#8221;in_container&#8221; full_screen_row_position=&#8221;middle&#8221; column_margin=&#8221;default&#8221; column_direction=&#8221;default&#8221; column_direction_tablet=&#8221;default&#8221; column_direction_phone=&#8221;default&#8221; scene_position=&#8221;center&#8221; text_color=&#8221;dark&#8221; text_align=&#8221;left&#8221; row_border_radius=&#8221;none&#8221; row_border_radius_applies=&#8221;bg&#8221; overflow=&#8221;visible&#8221; overlay_strength=&#8221;0.3&#8243; gradient_direction=&#8221;left_to_right&#8221; shape_divider_position=&#8221;bottom&#8221; bg_image_animation=&#8221;none&#8221;][vc_column column_padding=&#8221;no-extra-padding&#8221; column_padding_tablet=&#8221;inherit&#8221; column_padding_phone=&#8221;inherit&#8221; column_padding_position=&#8221;all&#8221; column_element_direction_desktop=&#8221;default&#8221; column_element_spacing=&#8221;default&#8221; desktop_text_alignment=&#8221;default&#8221; tablet_text_alignment=&#8221;default&#8221; phone_text_alignment=&#8221;default&#8221; background_color_opacity=&#8221;1&#8243; background_hover_color_opacity=&#8221;1&#8243; column_backdrop_filter=&#8221;none&#8221; column_shadow=&#8221;none&#8221;...\" \/>\n<meta property=\"og:url\" content=\"https:\/\/tsvmusberg.de\/tennis\/sportangebot\/spezielle-hallenangebote-fuer-unsere-mitglieder\/\" \/>\n<meta property=\"og:site_name\" content=\"Tennis\" \/>\n<meta property=\"article:modified_time\" content=\"2024-09-30T13:14:26+00:00\" \/>\n<meta name=\"twitter:card\" content=\"summary_large_image\" \/>\n<meta name=\"twitter:label1\" content=\"Gesch\u00e4tzte Lesezeit\" \/>\n\t<meta name=\"twitter:data1\" content=\"1\u00a0Minute\" \/>\n<script type=\"application\/ld+json\" class=\"yoast-schema-graph\">{\"@context\":\"https:\\\/\\\/schema.org\",\"@graph\":[{\"@type\":\"WebPage\",\"@id\":\"https:\\\/\\\/tsvmusberg.de\\\/tennis\\\/sportangebot\\\/spezielle-hallenangebote-fuer-unsere-mitglieder\\\/\",\"url\":\"https:\\\/\\\/tsvmusberg.de\\\/tennis\\\/sportangebot\\\/spezielle-hallenangebote-fuer-unsere-mitglieder\\\/\",\"name\":\"Spezielle Hallenangebote f\u00fcr unsere Mitglieder | Tennis\",\"isPartOf\":{\"@id\":\"https:\\\/\\\/tsvmusberg.de\\\/tennis\\\/#website\"},\"datePublished\":\"2022-03-29T18:48:41+00:00\",\"dateModified\":\"2024-09-30T13:14:26+00:00\",\"breadcrumb\":{\"@id\":\"https:\\\/\\\/tsvmusberg.de\\\/tennis\\\/sportangebot\\\/spezielle-hallenangebote-fuer-unsere-mitglieder\\\/#breadcrumb\"},\"inLanguage\":\"de\",\"potentialAction\":[{\"@type\":\"ReadAction\",\"target\":[\"https:\\\/\\\/tsvmusberg.de\\\/tennis\\\/sportangebot\\\/spezielle-hallenangebote-fuer-unsere-mitglieder\\\/\"]}]},{\"@type\":\"BreadcrumbList\",\"@id\":\"https:\\\/\\\/tsvmusberg.de\\\/tennis\\\/sportangebot\\\/spezielle-hallenangebote-fuer-unsere-mitglieder\\\/#breadcrumb\",\"itemListElement\":[{\"@type\":\"ListItem\",\"position\":1,\"name\":\"Startseite\",\"item\":\"https:\\\/\\\/tsvmusberg.de\\\/tennis\\\/\"},{\"@type\":\"ListItem\",\"position\":2,\"name\":\"Sportangebot\",\"item\":\"https:\\\/\\\/tsvmusberg.de\\\/tennis\\\/sportangebot\\\/\"},{\"@type\":\"ListItem\",\"position\":3,\"name\":\"Spezielle Hallenangebote f\u00fcr unsere Mitglieder\"}]},{\"@type\":\"WebSite\",\"@id\":\"https:\\\/\\\/tsvmusberg.de\\\/tennis\\\/#website\",\"url\":\"https:\\\/\\\/tsvmusberg.de\\\/tennis\\\/\",\"name\":\"Tennis\",\"description\":\"Turn- und Sportvereinigung in Leinfelden-Echterdingen\",\"publisher\":{\"@id\":\"https:\\\/\\\/tsvmusberg.de\\\/tennis\\\/#organization\"},\"potentialAction\":[{\"@type\":\"SearchAction\",\"target\":{\"@type\":\"EntryPoint\",\"urlTemplate\":\"https:\\\/\\\/tsvmusberg.de\\\/tennis\\\/?s={search_term_string}\"},\"query-input\":{\"@type\":\"PropertyValueSpecification\",\"valueRequired\":true,\"valueName\":\"search_term_string\"}}],\"inLanguage\":\"de\"},{\"@type\":\"Organization\",\"@id\":\"https:\\\/\\\/tsvmusberg.de\\\/tennis\\\/#organization\",\"name\":\"TSV Musberg e.V.\",\"url\":\"https:\\\/\\\/tsvmusberg.de\\\/tennis\\\/\",\"logo\":{\"@type\":\"ImageObject\",\"inLanguage\":\"de\",\"@id\":\"https:\\\/\\\/tsvmusberg.de\\\/tennis\\\/#\\\/schema\\\/logo\\\/image\\\/\",\"url\":\"https:\\\/\\\/tsvmusberg.de\\\/tennis\\\/wp-content\\\/uploads\\\/sites\\\/2\\\/tsv-musberg-logo.svg\",\"contentUrl\":\"https:\\\/\\\/tsvmusberg.de\\\/tennis\\\/wp-content\\\/uploads\\\/sites\\\/2\\\/tsv-musberg-logo.svg\",\"width\":1,\"height\":1,\"caption\":\"TSV Musberg e.V.\"},\"image\":{\"@id\":\"https:\\\/\\\/tsvmusberg.de\\\/tennis\\\/#\\\/schema\\\/logo\\\/image\\\/\"}}]}<\/script>\n<!-- \/ Yoast SEO plugin. -->","yoast_head_json":{"title":"Spezielle Hallenangebote f\u00fcr unsere Mitglieder | Tennis","robots":{"index":"index","follow":"follow","max-snippet":"max-snippet:-1","max-image-preview":"max-image-preview:large","max-video-preview":"max-video-preview:-1"},"canonical":"https:\/\/tsvmusberg.de\/tennis\/sportangebot\/spezielle-hallenangebote-fuer-unsere-mitglieder\/","og_locale":"de_DE","og_type":"article","og_title":"Spezielle Hallenangebote f\u00fcr unsere Mitglieder | Tennis","og_description":"[vc_row type=&#8221;in_container&#8221; full_screen_row_position=&#8221;middle&#8221; column_margin=&#8221;default&#8221; column_direction=&#8221;default&#8221; column_direction_tablet=&#8221;default&#8221; column_direction_phone=&#8221;default&#8221; scene_position=&#8221;center&#8221; text_color=&#8221;dark&#8221; text_align=&#8221;left&#8221; row_border_radius=&#8221;none&#8221; row_border_radius_applies=&#8221;bg&#8221; overflow=&#8221;visible&#8221; overlay_strength=&#8221;0.3&#8243; gradient_direction=&#8221;left_to_right&#8221; shape_divider_position=&#8221;bottom&#8221; bg_image_animation=&#8221;none&#8221;][vc_column column_padding=&#8221;no-extra-padding&#8221; column_padding_tablet=&#8221;inherit&#8221; column_padding_phone=&#8221;inherit&#8221; column_padding_position=&#8221;all&#8221; column_element_direction_desktop=&#8221;default&#8221; column_element_spacing=&#8221;default&#8221; desktop_text_alignment=&#8221;default&#8221; tablet_text_alignment=&#8221;default&#8221; phone_text_alignment=&#8221;default&#8221; background_color_opacity=&#8221;1&#8243; background_hover_color_opacity=&#8221;1&#8243; column_backdrop_filter=&#8221;none&#8221; column_shadow=&#8221;none&#8221;...","og_url":"https:\/\/tsvmusberg.de\/tennis\/sportangebot\/spezielle-hallenangebote-fuer-unsere-mitglieder\/","og_site_name":"Tennis","article_modified_time":"2024-09-30T13:14:26+00:00","twitter_card":"summary_large_image","twitter_misc":{"Gesch\u00e4tzte Lesezeit":"1\u00a0Minute"},"schema":{"@context":"https:\/\/schema.org","@graph":[{"@type":"WebPage","@id":"https:\/\/tsvmusberg.de\/tennis\/sportangebot\/spezielle-hallenangebote-fuer-unsere-mitglieder\/","url":"https:\/\/tsvmusberg.de\/tennis\/sportangebot\/spezielle-hallenangebote-fuer-unsere-mitglieder\/","name":"Spezielle Hallenangebote f\u00fcr unsere Mitglieder | Tennis","isPartOf":{"@id":"https:\/\/tsvmusberg.de\/tennis\/#website"},"datePublished":"2022-03-29T18:48:41+00:00","dateModified":"2024-09-30T13:14:26+00:00","breadcrumb":{"@id":"https:\/\/tsvmusberg.de\/tennis\/sportangebot\/spezielle-hallenangebote-fuer-unsere-mitglieder\/#breadcrumb"},"inLanguage":"de","potentialAction":[{"@type":"ReadAction","target":["https:\/\/tsvmusberg.de\/tennis\/sportangebot\/spezielle-hallenangebote-fuer-unsere-mitglieder\/"]}]},{"@type":"BreadcrumbList","@id":"https:\/\/tsvmusberg.de\/tennis\/sportangebot\/spezielle-hallenangebote-fuer-unsere-mitglieder\/#breadcrumb","itemListElement":[{"@type":"ListItem","position":1,"name":"Startseite","item":"https:\/\/tsvmusberg.de\/tennis\/"},{"@type":"ListItem","position":2,"name":"Sportangebot","item":"https:\/\/tsvmusberg.de\/tennis\/sportangebot\/"},{"@type":"ListItem","position":3,"name":"Spezielle Hallenangebote f\u00fcr unsere Mitglieder"}]},{"@type":"WebSite","@id":"https:\/\/tsvmusberg.de\/tennis\/#website","url":"https:\/\/tsvmusberg.de\/tennis\/","name":"Tennis","description":"Turn- und Sportvereinigung in Leinfelden-Echterdingen","publisher":{"@id":"https:\/\/tsvmusberg.de\/tennis\/#organization"},"potentialAction":[{"@type":"SearchAction","target":{"@type":"EntryPoint","urlTemplate":"https:\/\/tsvmusberg.de\/tennis\/?s={search_term_string}"},"query-input":{"@type":"PropertyValueSpecification","valueRequired":true,"valueName":"search_term_string"}}],"inLanguage":"de"},{"@type":"Organization","@id":"https:\/\/tsvmusberg.de\/tennis\/#organization","name":"TSV Musberg e.V.","url":"https:\/\/tsvmusberg.de\/tennis\/","logo":{"@type":"ImageObject","inLanguage":"de","@id":"https:\/\/tsvmusberg.de\/tennis\/#\/schema\/logo\/image\/","url":"https:\/\/tsvmusberg.de\/tennis\/wp-content\/uploads\/sites\/2\/tsv-musberg-logo.svg","contentUrl":"https:\/\/tsvmusberg.de\/tennis\/wp-content\/uploads\/sites\/2\/tsv-musberg-logo.svg","width":1,"height":1,"caption":"TSV Musberg e.V."},"image":{"@id":"https:\/\/tsvmusberg.de\/tennis\/#\/schema\/logo\/image\/"}}]}},"_links":{"self":[{"href":"https:\/\/tsvmusberg.de\/tennis\/wp-json\/wp\/v2\/pages\/336","targetHints":{"allow":["GET"]}}],"collection":[{"href":"https:\/\/tsvmusberg.de\/tennis\/wp-json\/wp\/v2\/pages"}],"about":[{"href":"https:\/\/tsvmusberg.de\/tennis\/wp-json\/wp\/v2\/types\/page"}],"author":[{"embeddable":true,"href":"https:\/\/tsvmusberg.de\/tennis\/wp-json\/wp\/v2\/users\/1"}],"replies":[{"embeddable":true,"href":"https:\/\/tsvmusberg.de\/tennis\/wp-json\/wp\/v2\/comments?post=336"}],"version-history":[{"count":9,"href":"https:\/\/tsvmusberg.de\/tennis\/wp-json\/wp\/v2\/pages\/336\/revisions"}],"predecessor-version":[{"id":1985,"href":"https:\/\/tsvmusberg.de\/tennis\/wp-json\/wp\/v2\/pages\/336\/revisions\/1985"}],"up":[{"embeddable":true,"href":"https:\/\/tsvmusberg.de\/tennis\/wp-json\/wp\/v2\/pages\/397"}],"wp:attachment":[{"href":"https:\/\/tsvmusberg.de\/tennis\/wp-json\/wp\/v2\/media?parent=336"}],"curies":[{"name":"wp","href":"https:\/\/api.w.org\/{rel}","templated":true}]}}