{"id":330,"date":"2022-03-29T20:47:23","date_gmt":"2022-03-29T18:47:23","guid":{"rendered":"https:\/\/tsvmusberg.de\/tennis\/?page_id=330"},"modified":"2022-09-17T11:29:17","modified_gmt":"2022-09-17T09:29:17","slug":"kinder-jugendbereich","status":"publish","type":"page","link":"https:\/\/tsvmusberg.de\/tennis\/sportangebot\/kinder-jugendbereich\/","title":{"rendered":"Kinder- und Jugendbereich"},"content":{"rendered":"[vc_row type=&#8221;in_container&#8221; full_screen_row_position=&#8221;middle&#8221; column_margin=&#8221;default&#8221; column_direction=&#8221;default&#8221; column_direction_tablet=&#8221;default&#8221; column_direction_phone=&#8221;default&#8221; scene_position=&#8221;center&#8221; text_color=&#8221;dark&#8221; text_align=&#8221;left&#8221; row_border_radius=&#8221;none&#8221; row_border_radius_applies=&#8221;bg&#8221; overflow=&#8221;visible&#8221; overlay_strength=&#8221;0.3&#8243; gradient_direction=&#8221;left_to_right&#8221; shape_divider_position=&#8221;bottom&#8221; bg_image_animation=&#8221;none&#8221;][vc_column column_padding=&#8221;no-extra-padding&#8221; column_padding_tablet=&#8221;inherit&#8221; column_padding_phone=&#8221;inherit&#8221; column_padding_position=&#8221;all&#8221; column_element_direction_desktop=&#8221;default&#8221; column_element_spacing=&#8221;default&#8221; desktop_text_alignment=&#8221;default&#8221; tablet_text_alignment=&#8221;default&#8221; phone_text_alignment=&#8221;default&#8221; background_color_opacity=&#8221;1&#8243; background_hover_color_opacity=&#8221;1&#8243; column_backdrop_filter=&#8221;none&#8221; column_shadow=&#8221;none&#8221; column_border_radius=&#8221;none&#8221; column_link_target=&#8221;_self&#8221; column_position=&#8221;default&#8221; gradient_direction=&#8221;left_to_right&#8221; overlay_strength=&#8221;0.3&#8243; width=&#8221;1\/1&#8243; tablet_width_inherit=&#8221;default&#8221; animation_type=&#8221;default&#8221; bg_image_animation=&#8221;none&#8221; border_type=&#8221;simple&#8221; column_border_width=&#8221;none&#8221; column_border_style=&#8221;solid&#8221;][vc_column_text]\n<div class=\"row\">\n<div class=\"col-md-8\">\n<div id=\"c1887\">\n<h2>Sportkonzept des Kinder- und Jugendbereichs<\/h2>\n<div class=\"ce-textpic ce-left ce-above\">\n<div class=\"ce-bodytext\">\n<p>Die Tennisabteilung freut sich dar\u00fcber, dass wir viele Kinder und Jugendliche unter unseren Mitgliedern haben.<br \/>\nEs ist uns ein besonderes Anliegen, den \u00fcber 100 M\u00e4dchen und Jungen, weiblichen und m\u00e4nnlichen Jugendlichen nachhaltig den Spa\u00df an unserem sch\u00f6nen Sport erlebbar zu machen.<\/p>\n<p>Deshalb unternehmen wir vielf\u00e4ltige Aktivit\u00e4ten f\u00fcr den Bereich der Kinder und Jugendlichen, wie z.B. regelm\u00e4\u00dfiges tennisspezifisches Training mit qualifizierten Trainern, Training u.a. der Kondition zur Vorbereitung auf die Saison, Sommercamp, gemeinsame Freizeitaktivit\u00e4ten sowie Wettk\u00e4mpfe f\u00fcr Mannschaften und Einzelspieler im Rahmen des W\u00fcrttembergischen Tennisbundes. Einen weiteren Schwerpunkt sehen wir darin, die Kinder und Jugendlichen in ihrer sozialen Entwicklung zu f\u00f6rdern. Der Bereich Kinder und Jugend wird durch ein spezifisch f\u00fcr diesen Bereich verantwortliches Mitglied, Jugendreferent) in der Leitung der Tennisabteilung repr\u00e4sentiert.<\/p>\n<p>F\u00fcr den Bereich der Kinder- und Jugendlichen wenden wir nicht nur einen gro\u00dfen Anteil der ehrenamtlichen Arbeit, sondern auch des Etats der Tennisabteilung auf. Etwa 40% des sportspezifischen Etats entf\u00e4llt auf diesen Bereich und davon 75% auf die F\u00f6rderung des Trainings. Weitere umfangreiche Mittel flie\u00dfen in die Teilnahme an den Wettbewerben.<\/p>\n<p>Im Herbst 2018 haben wir uns auf den Weg gemacht, ein niedergeschriebenes Sportkonzept zu entwickeln, das f\u00fcr alle Beteiligten Transparenz und Verbindlichkeit herstellt. Das Sportkonzept beschreibt, welche Ziele wir verfolgen, wie wir sie erreichen wollen und durch ein F\u00f6rderkonzept unterst\u00fctzen. Darin sind die Aufgaben beschrieben, die die Tennisabteilung umsetzt, die Themen die durch die Kinder und Jugendlichen zu beachten und einzubringen sind, wie auch die Unterst\u00fctzung die durch Eltern erforderlich ist, um das Sportkonzept und die Arbeit im Verein erfolgreich zu machen. Nach umfangreicher Recherche beim WTB und anderen Clubs und internem Gedankenaustausch sind wir nun soweit es ihnen\/euch vorzustellen und zu \u00fcbermitteln.<\/p>\n<p>Wir sind \u00fcberzeugt, dass das Sportkonzept einen positiven Beitrag f\u00fcr die erfolgreiche Kinder- und Jugendarbeit in unserem Verein leistet.<\/p>\n<\/div>\n<\/div>\n<\/div>\n<\/div>\n<aside class=\"col-md-4\">\n<div id=\"c236\">\n<h3>Unsere Jugendreferentin<\/h3>\n<div class=\"ce-textpic ce-left ce-above\">\n<div class=\"ce-gallery\" data-ce-columns=\"1\" data-ce-images=\"1\">\n<div class=\"ce-row\">\n<div class=\"ce-column\"><\/div>\n<\/div>\n<\/div>\n<div class=\"ce-bodytext\">\n<p><img decoding=\"async\" class=\"alignnone wp-image-1079\" src=\"https:\/\/tsvmusberg.de\/tennis\/wp-content\/uploads\/sites\/2\/IMG_8119-225x300.jpg\" alt=\"\" width=\"315\" height=\"420\" srcset=\"https:\/\/tsvmusberg.de\/tennis\/wp-content\/uploads\/sites\/2\/IMG_8119-225x300.jpg 225w, https:\/\/tsvmusberg.de\/tennis\/wp-content\/uploads\/sites\/2\/IMG_8119-300x400.jpg 300w, https:\/\/tsvmusberg.de\/tennis\/wp-content\/uploads\/sites\/2\/IMG_8119.jpg 695w\" sizes=\"(max-width: 315px) 100vw, 315px\" \/><br \/>\n<b>Seher Huber<\/b><\/p>\n<\/div>\n<\/div>\n<\/div>\n<\/aside>\n<\/div>\n[\/vc_column_text][\/vc_column][\/vc_row][vc_row type=&#8221;in_container&#8221; full_screen_row_position=&#8221;middle&#8221; column_margin=&#8221;default&#8221; column_direction=&#8221;default&#8221; column_direction_tablet=&#8221;default&#8221; column_direction_phone=&#8221;default&#8221; scene_position=&#8221;center&#8221; text_color=&#8221;dark&#8221; text_align=&#8221;left&#8221; row_border_radius=&#8221;none&#8221; row_border_radius_applies=&#8221;bg&#8221; overflow=&#8221;visible&#8221; overlay_strength=&#8221;0.3&#8243; gradient_direction=&#8221;left_to_right&#8221; shape_divider_position=&#8221;bottom&#8221; bg_image_animation=&#8221;none&#8221;][vc_column column_padding=&#8221;no-extra-padding&#8221; column_padding_tablet=&#8221;inherit&#8221; column_padding_phone=&#8221;inherit&#8221; column_padding_position=&#8221;all&#8221; column_element_direction_desktop=&#8221;default&#8221; column_element_spacing=&#8221;default&#8221; desktop_text_alignment=&#8221;default&#8221; tablet_text_alignment=&#8221;default&#8221; phone_text_alignment=&#8221;default&#8221; background_color_opacity=&#8221;1&#8243; background_hover_color_opacity=&#8221;1&#8243; column_backdrop_filter=&#8221;none&#8221; column_shadow=&#8221;none&#8221; column_border_radius=&#8221;none&#8221; column_link_target=&#8221;_self&#8221; column_position=&#8221;default&#8221; gradient_direction=&#8221;left_to_right&#8221; overlay_strength=&#8221;0.3&#8243; width=&#8221;1\/1&#8243; tablet_width_inherit=&#8221;default&#8221; animation_type=&#8221;default&#8221; bg_image_animation=&#8221;none&#8221; border_type=&#8221;simple&#8221; column_border_width=&#8221;none&#8221; column_border_style=&#8221;solid&#8221;][nectar_btn size=&#8221;small&#8221; button_style=&#8221;regular&#8221; button_color_2=&#8221;Accent-Color&#8221; icon_family=&#8221;none&#8221; text=&#8221;Zum Sportkonzept&#8221; url=&#8221;\/tennis\/wp-content\/uploads\/sites\/2\/Sport-_und_Jugendkonzept_SH_und_JS_29-05-2019.pdf&#8221;][\/vc_column][\/vc_row][vc_row type=&#8221;in_container&#8221; full_screen_row_position=&#8221;middle&#8221; column_margin=&#8221;default&#8221; column_direction=&#8221;default&#8221; column_direction_tablet=&#8221;default&#8221; column_direction_phone=&#8221;default&#8221; scene_position=&#8221;center&#8221; text_color=&#8221;dark&#8221; text_align=&#8221;left&#8221; row_border_radius=&#8221;none&#8221; row_border_radius_applies=&#8221;bg&#8221; overflow=&#8221;visible&#8221; overlay_strength=&#8221;0.3&#8243; gradient_direction=&#8221;left_to_right&#8221; shape_divider_position=&#8221;bottom&#8221; bg_image_animation=&#8221;none&#8221;][vc_column column_padding=&#8221;no-extra-padding&#8221; column_padding_tablet=&#8221;inherit&#8221; column_padding_phone=&#8221;inherit&#8221; column_padding_position=&#8221;all&#8221; column_element_direction_desktop=&#8221;default&#8221; column_element_spacing=&#8221;default&#8221; desktop_text_alignment=&#8221;default&#8221; tablet_text_alignment=&#8221;default&#8221; phone_text_alignment=&#8221;default&#8221; background_color_opacity=&#8221;1&#8243; background_hover_color_opacity=&#8221;1&#8243; column_backdrop_filter=&#8221;none&#8221; column_shadow=&#8221;none&#8221; column_border_radius=&#8221;none&#8221; column_link_target=&#8221;_self&#8221; column_position=&#8221;default&#8221; gradient_direction=&#8221;left_to_right&#8221; overlay_strength=&#8221;0.3&#8243; width=&#8221;1\/1&#8243; tablet_width_inherit=&#8221;default&#8221; animation_type=&#8221;default&#8221; bg_image_animation=&#8221;none&#8221; border_type=&#8221;simple&#8221; column_border_width=&#8221;none&#8221; column_border_style=&#8221;solid&#8221;][nectar_btn size=&#8221;small&#8221; button_style=&#8221;regular&#8221; button_color_2=&#8221;Accent-Color&#8221; icon_family=&#8221;none&#8221; text=&#8221;Kinder und Jugendmannschaften 2022&#8243;][\/vc_column][\/vc_row]\n","protected":false},"excerpt":{"rendered":"<p>[vc_row type=&#8221;in_container&#8221; full_screen_row_position=&#8221;middle&#8221; column_margin=&#8221;default&#8221; column_direction=&#8221;default&#8221; column_direction_tablet=&#8221;default&#8221; column_direction_phone=&#8221;default&#8221; scene_position=&#8221;center&#8221; text_color=&#8221;dark&#8221; text_align=&#8221;left&#8221; row_border_radius=&#8221;none&#8221; row_border_radius_applies=&#8221;bg&#8221; overflow=&#8221;visible&#8221; overlay_strength=&#8221;0.3&#8243; gradient_direction=&#8221;left_to_right&#8221; shape_divider_position=&#8221;bottom&#8221; bg_image_animation=&#8221;none&#8221;][vc_column column_padding=&#8221;no-extra-padding&#8221; column_padding_tablet=&#8221;inherit&#8221; column_padding_phone=&#8221;inherit&#8221; column_padding_position=&#8221;all&#8221; column_element_direction_desktop=&#8221;default&#8221; column_element_spacing=&#8221;default&#8221; desktop_text_alignment=&#8221;default&#8221; tablet_text_alignment=&#8221;default&#8221; phone_text_alignment=&#8221;default&#8221; background_color_opacity=&#8221;1&#8243; background_hover_color_opacity=&#8221;1&#8243; column_backdrop_filter=&#8221;none&#8221; column_shadow=&#8221;none&#8221;&#8230;<\/p>\n","protected":false},"author":1,"featured_media":0,"parent":397,"menu_order":0,"comment_status":"closed","ping_status":"closed","template":"","meta":{"footnotes":""},"class_list":["post-330","page","type-page","status-publish"],"yoast_head":"<!-- This site is optimized with the Yoast SEO plugin v27.5 - https:\/\/yoast.com\/product\/yoast-seo-wordpress\/ -->\n<title>Kinder- und Jugendbereich | Tennis<\/title>\n<meta name=\"robots\" content=\"index, follow, max-snippet:-1, max-image-preview:large, max-video-preview:-1\" \/>\n<link rel=\"canonical\" href=\"https:\/\/tsvmusberg.de\/tennis\/sportangebot\/kinder-jugendbereich\/\" \/>\n<meta property=\"og:locale\" content=\"de_DE\" \/>\n<meta property=\"og:type\" content=\"article\" \/>\n<meta property=\"og:title\" content=\"Kinder- und Jugendbereich | Tennis\" \/>\n<meta property=\"og:description\" content=\"[vc_row type=&#8221;in_container&#8221; full_screen_row_position=&#8221;middle&#8221; column_margin=&#8221;default&#8221; column_direction=&#8221;default&#8221; column_direction_tablet=&#8221;default&#8221; column_direction_phone=&#8221;default&#8221; scene_position=&#8221;center&#8221; text_color=&#8221;dark&#8221; text_align=&#8221;left&#8221; row_border_radius=&#8221;none&#8221; row_border_radius_applies=&#8221;bg&#8221; overflow=&#8221;visible&#8221; overlay_strength=&#8221;0.3&#8243; gradient_direction=&#8221;left_to_right&#8221; shape_divider_position=&#8221;bottom&#8221; bg_image_animation=&#8221;none&#8221;][vc_column column_padding=&#8221;no-extra-padding&#8221; column_padding_tablet=&#8221;inherit&#8221; column_padding_phone=&#8221;inherit&#8221; column_padding_position=&#8221;all&#8221; column_element_direction_desktop=&#8221;default&#8221; column_element_spacing=&#8221;default&#8221; desktop_text_alignment=&#8221;default&#8221; tablet_text_alignment=&#8221;default&#8221; phone_text_alignment=&#8221;default&#8221; background_color_opacity=&#8221;1&#8243; background_hover_color_opacity=&#8221;1&#8243; column_backdrop_filter=&#8221;none&#8221; column_shadow=&#8221;none&#8221;...\" \/>\n<meta property=\"og:url\" content=\"https:\/\/tsvmusberg.de\/tennis\/sportangebot\/kinder-jugendbereich\/\" \/>\n<meta property=\"og:site_name\" content=\"Tennis\" \/>\n<meta property=\"article:modified_time\" content=\"2022-09-17T09:29:17+00:00\" \/>\n<meta property=\"og:image\" content=\"https:\/\/tsvmusberg.de\/tennis\/wp-content\/uploads\/sites\/2\/IMG_8119-225x300.jpg\" \/>\n<meta name=\"twitter:card\" content=\"summary_large_image\" \/>\n<meta name=\"twitter:label1\" content=\"Gesch\u00e4tzte Lesezeit\" \/>\n\t<meta name=\"twitter:data1\" content=\"3\u00a0Minuten\" \/>\n<script type=\"application\/ld+json\" class=\"yoast-schema-graph\">{\"@context\":\"https:\\\/\\\/schema.org\",\"@graph\":[{\"@type\":\"WebPage\",\"@id\":\"https:\\\/\\\/tsvmusberg.de\\\/tennis\\\/sportangebot\\\/kinder-jugendbereich\\\/\",\"url\":\"https:\\\/\\\/tsvmusberg.de\\\/tennis\\\/sportangebot\\\/kinder-jugendbereich\\\/\",\"name\":\"Kinder- und Jugendbereich | Tennis\",\"isPartOf\":{\"@id\":\"https:\\\/\\\/tsvmusberg.de\\\/tennis\\\/#website\"},\"primaryImageOfPage\":{\"@id\":\"https:\\\/\\\/tsvmusberg.de\\\/tennis\\\/sportangebot\\\/kinder-jugendbereich\\\/#primaryimage\"},\"image\":{\"@id\":\"https:\\\/\\\/tsvmusberg.de\\\/tennis\\\/sportangebot\\\/kinder-jugendbereich\\\/#primaryimage\"},\"thumbnailUrl\":\"https:\\\/\\\/tsvmusberg.de\\\/tennis\\\/wp-content\\\/uploads\\\/sites\\\/2\\\/IMG_8119-225x300.jpg\",\"datePublished\":\"2022-03-29T18:47:23+00:00\",\"dateModified\":\"2022-09-17T09:29:17+00:00\",\"breadcrumb\":{\"@id\":\"https:\\\/\\\/tsvmusberg.de\\\/tennis\\\/sportangebot\\\/kinder-jugendbereich\\\/#breadcrumb\"},\"inLanguage\":\"de\",\"potentialAction\":[{\"@type\":\"ReadAction\",\"target\":[\"https:\\\/\\\/tsvmusberg.de\\\/tennis\\\/sportangebot\\\/kinder-jugendbereich\\\/\"]}]},{\"@type\":\"ImageObject\",\"inLanguage\":\"de\",\"@id\":\"https:\\\/\\\/tsvmusberg.de\\\/tennis\\\/sportangebot\\\/kinder-jugendbereich\\\/#primaryimage\",\"url\":\"https:\\\/\\\/tsvmusberg.de\\\/tennis\\\/wp-content\\\/uploads\\\/sites\\\/2\\\/IMG_8119.jpg\",\"contentUrl\":\"https:\\\/\\\/tsvmusberg.de\\\/tennis\\\/wp-content\\\/uploads\\\/sites\\\/2\\\/IMG_8119.jpg\",\"width\":695,\"height\":927},{\"@type\":\"BreadcrumbList\",\"@id\":\"https:\\\/\\\/tsvmusberg.de\\\/tennis\\\/sportangebot\\\/kinder-jugendbereich\\\/#breadcrumb\",\"itemListElement\":[{\"@type\":\"ListItem\",\"position\":1,\"name\":\"Startseite\",\"item\":\"https:\\\/\\\/tsvmusberg.de\\\/tennis\\\/\"},{\"@type\":\"ListItem\",\"position\":2,\"name\":\"Sportangebot\",\"item\":\"https:\\\/\\\/tsvmusberg.de\\\/tennis\\\/sportangebot\\\/\"},{\"@type\":\"ListItem\",\"position\":3,\"name\":\"Kinder- und Jugendbereich\"}]},{\"@type\":\"WebSite\",\"@id\":\"https:\\\/\\\/tsvmusberg.de\\\/tennis\\\/#website\",\"url\":\"https:\\\/\\\/tsvmusberg.de\\\/tennis\\\/\",\"name\":\"Tennis\",\"description\":\"Turn- und Sportvereinigung in Leinfelden-Echterdingen\",\"publisher\":{\"@id\":\"https:\\\/\\\/tsvmusberg.de\\\/tennis\\\/#organization\"},\"potentialAction\":[{\"@type\":\"SearchAction\",\"target\":{\"@type\":\"EntryPoint\",\"urlTemplate\":\"https:\\\/\\\/tsvmusberg.de\\\/tennis\\\/?s={search_term_string}\"},\"query-input\":{\"@type\":\"PropertyValueSpecification\",\"valueRequired\":true,\"valueName\":\"search_term_string\"}}],\"inLanguage\":\"de\"},{\"@type\":\"Organization\",\"@id\":\"https:\\\/\\\/tsvmusberg.de\\\/tennis\\\/#organization\",\"name\":\"TSV Musberg e.V.\",\"url\":\"https:\\\/\\\/tsvmusberg.de\\\/tennis\\\/\",\"logo\":{\"@type\":\"ImageObject\",\"inLanguage\":\"de\",\"@id\":\"https:\\\/\\\/tsvmusberg.de\\\/tennis\\\/#\\\/schema\\\/logo\\\/image\\\/\",\"url\":\"https:\\\/\\\/tsvmusberg.de\\\/tennis\\\/wp-content\\\/uploads\\\/sites\\\/2\\\/tsv-musberg-logo.svg\",\"contentUrl\":\"https:\\\/\\\/tsvmusberg.de\\\/tennis\\\/wp-content\\\/uploads\\\/sites\\\/2\\\/tsv-musberg-logo.svg\",\"width\":1,\"height\":1,\"caption\":\"TSV Musberg e.V.\"},\"image\":{\"@id\":\"https:\\\/\\\/tsvmusberg.de\\\/tennis\\\/#\\\/schema\\\/logo\\\/image\\\/\"}}]}<\/script>\n<!-- \/ Yoast SEO plugin. -->","yoast_head_json":{"title":"Kinder- und Jugendbereich | Tennis","robots":{"index":"index","follow":"follow","max-snippet":"max-snippet:-1","max-image-preview":"max-image-preview:large","max-video-preview":"max-video-preview:-1"},"canonical":"https:\/\/tsvmusberg.de\/tennis\/sportangebot\/kinder-jugendbereich\/","og_locale":"de_DE","og_type":"article","og_title":"Kinder- und Jugendbereich | Tennis","og_description":"[vc_row type=&#8221;in_container&#8221; full_screen_row_position=&#8221;middle&#8221; column_margin=&#8221;default&#8221; column_direction=&#8221;default&#8221; column_direction_tablet=&#8221;default&#8221; column_direction_phone=&#8221;default&#8221; scene_position=&#8221;center&#8221; text_color=&#8221;dark&#8221; text_align=&#8221;left&#8221; row_border_radius=&#8221;none&#8221; row_border_radius_applies=&#8221;bg&#8221; overflow=&#8221;visible&#8221; overlay_strength=&#8221;0.3&#8243; gradient_direction=&#8221;left_to_right&#8221; shape_divider_position=&#8221;bottom&#8221; bg_image_animation=&#8221;none&#8221;][vc_column column_padding=&#8221;no-extra-padding&#8221; column_padding_tablet=&#8221;inherit&#8221; column_padding_phone=&#8221;inherit&#8221; column_padding_position=&#8221;all&#8221; column_element_direction_desktop=&#8221;default&#8221; column_element_spacing=&#8221;default&#8221; desktop_text_alignment=&#8221;default&#8221; tablet_text_alignment=&#8221;default&#8221; phone_text_alignment=&#8221;default&#8221; background_color_opacity=&#8221;1&#8243; background_hover_color_opacity=&#8221;1&#8243; column_backdrop_filter=&#8221;none&#8221; column_shadow=&#8221;none&#8221;...","og_url":"https:\/\/tsvmusberg.de\/tennis\/sportangebot\/kinder-jugendbereich\/","og_site_name":"Tennis","article_modified_time":"2022-09-17T09:29:17+00:00","og_image":[{"url":"https:\/\/tsvmusberg.de\/tennis\/wp-content\/uploads\/sites\/2\/IMG_8119-225x300.jpg","type":"","width":"","height":""}],"twitter_card":"summary_large_image","twitter_misc":{"Gesch\u00e4tzte Lesezeit":"3\u00a0Minuten"},"schema":{"@context":"https:\/\/schema.org","@graph":[{"@type":"WebPage","@id":"https:\/\/tsvmusberg.de\/tennis\/sportangebot\/kinder-jugendbereich\/","url":"https:\/\/tsvmusberg.de\/tennis\/sportangebot\/kinder-jugendbereich\/","name":"Kinder- und Jugendbereich | Tennis","isPartOf":{"@id":"https:\/\/tsvmusberg.de\/tennis\/#website"},"primaryImageOfPage":{"@id":"https:\/\/tsvmusberg.de\/tennis\/sportangebot\/kinder-jugendbereich\/#primaryimage"},"image":{"@id":"https:\/\/tsvmusberg.de\/tennis\/sportangebot\/kinder-jugendbereich\/#primaryimage"},"thumbnailUrl":"https:\/\/tsvmusberg.de\/tennis\/wp-content\/uploads\/sites\/2\/IMG_8119-225x300.jpg","datePublished":"2022-03-29T18:47:23+00:00","dateModified":"2022-09-17T09:29:17+00:00","breadcrumb":{"@id":"https:\/\/tsvmusberg.de\/tennis\/sportangebot\/kinder-jugendbereich\/#breadcrumb"},"inLanguage":"de","potentialAction":[{"@type":"ReadAction","target":["https:\/\/tsvmusberg.de\/tennis\/sportangebot\/kinder-jugendbereich\/"]}]},{"@type":"ImageObject","inLanguage":"de","@id":"https:\/\/tsvmusberg.de\/tennis\/sportangebot\/kinder-jugendbereich\/#primaryimage","url":"https:\/\/tsvmusberg.de\/tennis\/wp-content\/uploads\/sites\/2\/IMG_8119.jpg","contentUrl":"https:\/\/tsvmusberg.de\/tennis\/wp-content\/uploads\/sites\/2\/IMG_8119.jpg","width":695,"height":927},{"@type":"BreadcrumbList","@id":"https:\/\/tsvmusberg.de\/tennis\/sportangebot\/kinder-jugendbereich\/#breadcrumb","itemListElement":[{"@type":"ListItem","position":1,"name":"Startseite","item":"https:\/\/tsvmusberg.de\/tennis\/"},{"@type":"ListItem","position":2,"name":"Sportangebot","item":"https:\/\/tsvmusberg.de\/tennis\/sportangebot\/"},{"@type":"ListItem","position":3,"name":"Kinder- und Jugendbereich"}]},{"@type":"WebSite","@id":"https:\/\/tsvmusberg.de\/tennis\/#website","url":"https:\/\/tsvmusberg.de\/tennis\/","name":"Tennis","description":"Turn- und Sportvereinigung in Leinfelden-Echterdingen","publisher":{"@id":"https:\/\/tsvmusberg.de\/tennis\/#organization"},"potentialAction":[{"@type":"SearchAction","target":{"@type":"EntryPoint","urlTemplate":"https:\/\/tsvmusberg.de\/tennis\/?s={search_term_string}"},"query-input":{"@type":"PropertyValueSpecification","valueRequired":true,"valueName":"search_term_string"}}],"inLanguage":"de"},{"@type":"Organization","@id":"https:\/\/tsvmusberg.de\/tennis\/#organization","name":"TSV Musberg e.V.","url":"https:\/\/tsvmusberg.de\/tennis\/","logo":{"@type":"ImageObject","inLanguage":"de","@id":"https:\/\/tsvmusberg.de\/tennis\/#\/schema\/logo\/image\/","url":"https:\/\/tsvmusberg.de\/tennis\/wp-content\/uploads\/sites\/2\/tsv-musberg-logo.svg","contentUrl":"https:\/\/tsvmusberg.de\/tennis\/wp-content\/uploads\/sites\/2\/tsv-musberg-logo.svg","width":1,"height":1,"caption":"TSV Musberg e.V."},"image":{"@id":"https:\/\/tsvmusberg.de\/tennis\/#\/schema\/logo\/image\/"}}]}},"_links":{"self":[{"href":"https:\/\/tsvmusberg.de\/tennis\/wp-json\/wp\/v2\/pages\/330","targetHints":{"allow":["GET"]}}],"collection":[{"href":"https:\/\/tsvmusberg.de\/tennis\/wp-json\/wp\/v2\/pages"}],"about":[{"href":"https:\/\/tsvmusberg.de\/tennis\/wp-json\/wp\/v2\/types\/page"}],"author":[{"embeddable":true,"href":"https:\/\/tsvmusberg.de\/tennis\/wp-json\/wp\/v2\/users\/1"}],"replies":[{"embeddable":true,"href":"https:\/\/tsvmusberg.de\/tennis\/wp-json\/wp\/v2\/comments?post=330"}],"version-history":[{"count":13,"href":"https:\/\/tsvmusberg.de\/tennis\/wp-json\/wp\/v2\/pages\/330\/revisions"}],"predecessor-version":[{"id":1250,"href":"https:\/\/tsvmusberg.de\/tennis\/wp-json\/wp\/v2\/pages\/330\/revisions\/1250"}],"up":[{"embeddable":true,"href":"https:\/\/tsvmusberg.de\/tennis\/wp-json\/wp\/v2\/pages\/397"}],"wp:attachment":[{"href":"https:\/\/tsvmusberg.de\/tennis\/wp-json\/wp\/v2\/media?parent=330"}],"curies":[{"name":"wp","href":"https:\/\/api.w.org\/{rel}","templated":true}]}}