{"id":313,"date":"2022-03-29T20:44:10","date_gmt":"2022-03-29T18:44:10","guid":{"rendered":"https:\/\/tsvmusberg.de\/tennis\/?page_id=313"},"modified":"2025-12-03T15:56:25","modified_gmt":"2025-12-03T14:56:25","slug":"buchungssystem","status":"publish","type":"page","link":"https:\/\/tsvmusberg.de\/tennis\/tennishalle\/buchungssystem\/","title":{"rendered":"Buchungssystem"},"content":{"rendered":"[vc_row type=&#8221;in_container&#8221; full_screen_row_position=&#8221;middle&#8221; column_margin=&#8221;default&#8221; column_direction=&#8221;default&#8221; column_direction_tablet=&#8221;default&#8221; column_direction_phone=&#8221;default&#8221; scene_position=&#8221;center&#8221; text_color=&#8221;dark&#8221; text_align=&#8221;left&#8221; row_border_radius=&#8221;none&#8221; row_border_radius_applies=&#8221;bg&#8221; overflow=&#8221;visible&#8221; overlay_strength=&#8221;0.3&#8243; gradient_direction=&#8221;left_to_right&#8221; shape_divider_position=&#8221;bottom&#8221; bg_image_animation=&#8221;none&#8221;][vc_column column_padding=&#8221;no-extra-padding&#8221; column_padding_tablet=&#8221;inherit&#8221; column_padding_phone=&#8221;inherit&#8221; column_padding_position=&#8221;all&#8221; column_element_direction_desktop=&#8221;default&#8221; column_element_spacing=&#8221;default&#8221; desktop_text_alignment=&#8221;default&#8221; tablet_text_alignment=&#8221;default&#8221; phone_text_alignment=&#8221;default&#8221; background_color_opacity=&#8221;1&#8243; background_hover_color_opacity=&#8221;1&#8243; column_backdrop_filter=&#8221;none&#8221; column_shadow=&#8221;none&#8221; column_border_radius=&#8221;none&#8221; column_link_target=&#8221;_self&#8221; column_position=&#8221;default&#8221; gradient_direction=&#8221;left_to_right&#8221; overlay_strength=&#8221;0.3&#8243; width=&#8221;1\/1&#8243; tablet_width_inherit=&#8221;default&#8221; animation_type=&#8221;default&#8221; bg_image_animation=&#8221;none&#8221; border_type=&#8221;simple&#8221; column_border_width=&#8221;none&#8221; column_border_style=&#8221;solid&#8221;][vc_column_text css=&#8221;&#8221; text_direction=&#8221;default&#8221;]\n<h2>Unser Platzbuchungssystem f\u00fcr die Freiluftpl\u00e4tze und Pl\u00e4tze in der Tennishalle<\/h2>\n<p>Bei uns\u00a0kommt als Hallenbuchungssystem seit 2014 eBuSy der Firma productivweb zum Einsatz.<br \/>\neBuSy ist eine web-basierende Buchungs-Anwendung, die speziell auf die Bed\u00fcrfnisse von Tennispl\u00e4tzen und Tennishallen ausgelegt ist.<br \/>\neBuSy bietet dem Endanwender sowohl ein Desktop Ansicht als auch ein Frontend f\u00fcr mobile Ger\u00e4te.<\/p>\n<h2>F\u00fcr Mitglieder der Tennisabteilung<\/h2>\n<p>Alle Mitglieder der Tennisabteilung sind unserem Buchungssystem bereits bekannt.<\/p>\n<p>Wenn Sie noch nie\u00a0im Buchungssystem waren, wissen Sie vielleicht ihre Zugangsdaten nicht. Standardm\u00e4\u00dfig sollte ihre Benutzer-ID lauten<br \/>\n&#8216;<b>vorname.nachname<\/b>&#8216;\u00a0(alles in Kleinbuchstaben).<\/p>\n<p>Und das Pass-Wort?<br \/>\nBein Anlegen des Benutzerkontos wurde ihr Passwort gesetzt und ihnen per Mail zugesandt.\u00a0<b>Bitte \u00e4ndern sie aus Sicherheitsgr\u00fcnden ihr Passwort nach dem 1. Login.\u00a0<\/b><\/p>\n<p>Sollten Sie ihr PW einmal vergessen haben,\u00a0durchlaufen Sie nach Aufruf von &#8216;Login&#8217; und der Eingabe ihrer Benutzer-ID\u00a0den Proze\u00df &#8216;Password vergessen&#8217;. Sie bekommen dann an ihre hinterlegte Mail-Adresse ein neues Password zugesandt. Mit diesem k\u00f6nnen Sie sich dann wieder\u00a0anmelden.<br \/>\nUnter &#8216;Meine Benutzerdaten&#8217; k\u00f6nnen Sie sich dann wieder ein\u00a0&#8216;merkbares&#8217;\u00a0Passwort vergeben.<\/p>\n<p>Bitte die Funktion &#8216;Registrieren&#8217; nicht benutzen &#8211; ihr werdet dann eventuell doppelt angelegt.<\/p>\n<p>Hier gehts zum <a href=\"https:\/\/tsvmusberg.ebusy.de\/\" target=\"_blank\" rel=\"noopener\">Buchungssystem<\/a><\/p>\n<p>Geht&#8217;s nicht? Probleme? Hier geht&#8217;s zum <a class=\"mail\" title=\"Mail an den Support\" href=\"mailto:support.tennis@tsvmusberg.de\">Support via E-Mail<\/a><\/p>\n<h2>F\u00fcr G\u00e4ste in unserer Tennishalle<\/h2>\n<p>G\u00e4ste, die sich neu bei uns sind, f\u00fchren einfach den Registrierungsprozess durch.<br \/>\nDabei werden alle notwendigen Daten erfasst. Neben den Personen-\u00a0und Kontodaten wird auch ein &#8216;Online-Benutzerkonto&#8217; erstellt. Mit diesen Angaben melden Sie sich bei ihren Buchungen an.<\/p>\n<p>Nach dem &#8216;login&#8217; stehen Ihnen unter &#8216;Mein-Benutzerkonto&#8217;\u00a0weitere Informationen zur Verf\u00fcgung.<\/p>\n<h2>Schwierigkeiten &#8211; Hilfe<\/h2>\n<p>Bei Schwierigkeiten mit unserem Buchungssystem, bitte melden bei unserem <a class=\"mail\" title=\"Mail an den technischen Support\" href=\"mailto:support.tennis@tsvmusberg.de\">Support via E-Mail<\/a>.[\/vc_column_text][nectar_btn size=&#8221;large&#8221; open_new_tab=&#8221;true&#8221; button_style=&#8221;regular&#8221; button_color_2=&#8221;Accent-Color&#8221; icon_family=&#8221;default_arrow&#8221; text=&#8221;Zum Buchungssystem&#8221; url=&#8221;https:\/\/tsvmusberg.ebusy.de\/&#8221;][\/vc_column][\/vc_row]\n","protected":false},"excerpt":{"rendered":"<p>[vc_row type=&#8221;in_container&#8221; full_screen_row_position=&#8221;middle&#8221; column_margin=&#8221;default&#8221; column_direction=&#8221;default&#8221; column_direction_tablet=&#8221;default&#8221; column_direction_phone=&#8221;default&#8221; scene_position=&#8221;center&#8221; text_color=&#8221;dark&#8221; text_align=&#8221;left&#8221; row_border_radius=&#8221;none&#8221; row_border_radius_applies=&#8221;bg&#8221; overflow=&#8221;visible&#8221; overlay_strength=&#8221;0.3&#8243; gradient_direction=&#8221;left_to_right&#8221; shape_divider_position=&#8221;bottom&#8221; bg_image_animation=&#8221;none&#8221;][vc_column column_padding=&#8221;no-extra-padding&#8221; column_padding_tablet=&#8221;inherit&#8221; column_padding_phone=&#8221;inherit&#8221; column_padding_position=&#8221;all&#8221; column_element_direction_desktop=&#8221;default&#8221; column_element_spacing=&#8221;default&#8221; desktop_text_alignment=&#8221;default&#8221; tablet_text_alignment=&#8221;default&#8221; phone_text_alignment=&#8221;default&#8221; background_color_opacity=&#8221;1&#8243; background_hover_color_opacity=&#8221;1&#8243; column_backdrop_filter=&#8221;none&#8221; column_shadow=&#8221;none&#8221;&#8230;<\/p>\n","protected":false},"author":1,"featured_media":0,"parent":302,"menu_order":0,"comment_status":"closed","ping_status":"closed","template":"","meta":{"footnotes":""},"class_list":["post-313","page","type-page","status-publish"],"yoast_head":"<!-- This site is optimized with the Yoast SEO plugin v27.4 - https:\/\/yoast.com\/product\/yoast-seo-wordpress\/ -->\n<title>Buchungssystem | Tennis<\/title>\n<meta name=\"robots\" content=\"index, follow, max-snippet:-1, max-image-preview:large, max-video-preview:-1\" \/>\n<link rel=\"canonical\" href=\"https:\/\/tsvmusberg.de\/tennis\/tennishalle\/buchungssystem\/\" \/>\n<meta property=\"og:locale\" content=\"de_DE\" \/>\n<meta property=\"og:type\" content=\"article\" \/>\n<meta property=\"og:title\" content=\"Buchungssystem | Tennis\" \/>\n<meta property=\"og:description\" content=\"[vc_row type=&#8221;in_container&#8221; full_screen_row_position=&#8221;middle&#8221; column_margin=&#8221;default&#8221; column_direction=&#8221;default&#8221; column_direction_tablet=&#8221;default&#8221; column_direction_phone=&#8221;default&#8221; scene_position=&#8221;center&#8221; text_color=&#8221;dark&#8221; text_align=&#8221;left&#8221; row_border_radius=&#8221;none&#8221; row_border_radius_applies=&#8221;bg&#8221; overflow=&#8221;visible&#8221; overlay_strength=&#8221;0.3&#8243; gradient_direction=&#8221;left_to_right&#8221; shape_divider_position=&#8221;bottom&#8221; bg_image_animation=&#8221;none&#8221;][vc_column column_padding=&#8221;no-extra-padding&#8221; column_padding_tablet=&#8221;inherit&#8221; column_padding_phone=&#8221;inherit&#8221; column_padding_position=&#8221;all&#8221; column_element_direction_desktop=&#8221;default&#8221; column_element_spacing=&#8221;default&#8221; desktop_text_alignment=&#8221;default&#8221; tablet_text_alignment=&#8221;default&#8221; phone_text_alignment=&#8221;default&#8221; background_color_opacity=&#8221;1&#8243; background_hover_color_opacity=&#8221;1&#8243; column_backdrop_filter=&#8221;none&#8221; column_shadow=&#8221;none&#8221;...\" \/>\n<meta property=\"og:url\" content=\"https:\/\/tsvmusberg.de\/tennis\/tennishalle\/buchungssystem\/\" \/>\n<meta property=\"og:site_name\" content=\"Tennis\" \/>\n<meta property=\"article:modified_time\" content=\"2025-12-03T14:56:25+00:00\" \/>\n<meta name=\"twitter:card\" content=\"summary_large_image\" \/>\n<meta name=\"twitter:label1\" content=\"Gesch\u00e4tzte Lesezeit\" \/>\n\t<meta name=\"twitter:data1\" content=\"2\u00a0Minuten\" \/>\n<script type=\"application\/ld+json\" class=\"yoast-schema-graph\">{\"@context\":\"https:\\\/\\\/schema.org\",\"@graph\":[{\"@type\":\"WebPage\",\"@id\":\"https:\\\/\\\/tsvmusberg.de\\\/tennis\\\/tennishalle\\\/buchungssystem\\\/\",\"url\":\"https:\\\/\\\/tsvmusberg.de\\\/tennis\\\/tennishalle\\\/buchungssystem\\\/\",\"name\":\"Buchungssystem | Tennis\",\"isPartOf\":{\"@id\":\"https:\\\/\\\/tsvmusberg.de\\\/tennis\\\/#website\"},\"datePublished\":\"2022-03-29T18:44:10+00:00\",\"dateModified\":\"2025-12-03T14:56:25+00:00\",\"breadcrumb\":{\"@id\":\"https:\\\/\\\/tsvmusberg.de\\\/tennis\\\/tennishalle\\\/buchungssystem\\\/#breadcrumb\"},\"inLanguage\":\"de\",\"potentialAction\":[{\"@type\":\"ReadAction\",\"target\":[\"https:\\\/\\\/tsvmusberg.de\\\/tennis\\\/tennishalle\\\/buchungssystem\\\/\"]}]},{\"@type\":\"BreadcrumbList\",\"@id\":\"https:\\\/\\\/tsvmusberg.de\\\/tennis\\\/tennishalle\\\/buchungssystem\\\/#breadcrumb\",\"itemListElement\":[{\"@type\":\"ListItem\",\"position\":1,\"name\":\"Startseite\",\"item\":\"https:\\\/\\\/tsvmusberg.de\\\/tennis\\\/\"},{\"@type\":\"ListItem\",\"position\":2,\"name\":\"Tennishalle\",\"item\":\"https:\\\/\\\/tsvmusberg.de\\\/tennis\\\/tennishalle\\\/\"},{\"@type\":\"ListItem\",\"position\":3,\"name\":\"Buchungssystem\"}]},{\"@type\":\"WebSite\",\"@id\":\"https:\\\/\\\/tsvmusberg.de\\\/tennis\\\/#website\",\"url\":\"https:\\\/\\\/tsvmusberg.de\\\/tennis\\\/\",\"name\":\"Tennis\",\"description\":\"Turn- und Sportvereinigung in Leinfelden-Echterdingen\",\"publisher\":{\"@id\":\"https:\\\/\\\/tsvmusberg.de\\\/tennis\\\/#organization\"},\"potentialAction\":[{\"@type\":\"SearchAction\",\"target\":{\"@type\":\"EntryPoint\",\"urlTemplate\":\"https:\\\/\\\/tsvmusberg.de\\\/tennis\\\/?s={search_term_string}\"},\"query-input\":{\"@type\":\"PropertyValueSpecification\",\"valueRequired\":true,\"valueName\":\"search_term_string\"}}],\"inLanguage\":\"de\"},{\"@type\":\"Organization\",\"@id\":\"https:\\\/\\\/tsvmusberg.de\\\/tennis\\\/#organization\",\"name\":\"TSV Musberg e.V.\",\"url\":\"https:\\\/\\\/tsvmusberg.de\\\/tennis\\\/\",\"logo\":{\"@type\":\"ImageObject\",\"inLanguage\":\"de\",\"@id\":\"https:\\\/\\\/tsvmusberg.de\\\/tennis\\\/#\\\/schema\\\/logo\\\/image\\\/\",\"url\":\"https:\\\/\\\/tsvmusberg.de\\\/tennis\\\/wp-content\\\/uploads\\\/sites\\\/2\\\/tsv-musberg-logo.svg\",\"contentUrl\":\"https:\\\/\\\/tsvmusberg.de\\\/tennis\\\/wp-content\\\/uploads\\\/sites\\\/2\\\/tsv-musberg-logo.svg\",\"width\":1,\"height\":1,\"caption\":\"TSV Musberg e.V.\"},\"image\":{\"@id\":\"https:\\\/\\\/tsvmusberg.de\\\/tennis\\\/#\\\/schema\\\/logo\\\/image\\\/\"}}]}<\/script>\n<!-- \/ Yoast SEO plugin. -->","yoast_head_json":{"title":"Buchungssystem | Tennis","robots":{"index":"index","follow":"follow","max-snippet":"max-snippet:-1","max-image-preview":"max-image-preview:large","max-video-preview":"max-video-preview:-1"},"canonical":"https:\/\/tsvmusberg.de\/tennis\/tennishalle\/buchungssystem\/","og_locale":"de_DE","og_type":"article","og_title":"Buchungssystem | Tennis","og_description":"[vc_row type=&#8221;in_container&#8221; full_screen_row_position=&#8221;middle&#8221; column_margin=&#8221;default&#8221; column_direction=&#8221;default&#8221; column_direction_tablet=&#8221;default&#8221; column_direction_phone=&#8221;default&#8221; scene_position=&#8221;center&#8221; text_color=&#8221;dark&#8221; text_align=&#8221;left&#8221; row_border_radius=&#8221;none&#8221; row_border_radius_applies=&#8221;bg&#8221; overflow=&#8221;visible&#8221; overlay_strength=&#8221;0.3&#8243; gradient_direction=&#8221;left_to_right&#8221; shape_divider_position=&#8221;bottom&#8221; bg_image_animation=&#8221;none&#8221;][vc_column column_padding=&#8221;no-extra-padding&#8221; column_padding_tablet=&#8221;inherit&#8221; column_padding_phone=&#8221;inherit&#8221; column_padding_position=&#8221;all&#8221; column_element_direction_desktop=&#8221;default&#8221; column_element_spacing=&#8221;default&#8221; desktop_text_alignment=&#8221;default&#8221; tablet_text_alignment=&#8221;default&#8221; phone_text_alignment=&#8221;default&#8221; background_color_opacity=&#8221;1&#8243; background_hover_color_opacity=&#8221;1&#8243; column_backdrop_filter=&#8221;none&#8221; column_shadow=&#8221;none&#8221;...","og_url":"https:\/\/tsvmusberg.de\/tennis\/tennishalle\/buchungssystem\/","og_site_name":"Tennis","article_modified_time":"2025-12-03T14:56:25+00:00","twitter_card":"summary_large_image","twitter_misc":{"Gesch\u00e4tzte Lesezeit":"2\u00a0Minuten"},"schema":{"@context":"https:\/\/schema.org","@graph":[{"@type":"WebPage","@id":"https:\/\/tsvmusberg.de\/tennis\/tennishalle\/buchungssystem\/","url":"https:\/\/tsvmusberg.de\/tennis\/tennishalle\/buchungssystem\/","name":"Buchungssystem | Tennis","isPartOf":{"@id":"https:\/\/tsvmusberg.de\/tennis\/#website"},"datePublished":"2022-03-29T18:44:10+00:00","dateModified":"2025-12-03T14:56:25+00:00","breadcrumb":{"@id":"https:\/\/tsvmusberg.de\/tennis\/tennishalle\/buchungssystem\/#breadcrumb"},"inLanguage":"de","potentialAction":[{"@type":"ReadAction","target":["https:\/\/tsvmusberg.de\/tennis\/tennishalle\/buchungssystem\/"]}]},{"@type":"BreadcrumbList","@id":"https:\/\/tsvmusberg.de\/tennis\/tennishalle\/buchungssystem\/#breadcrumb","itemListElement":[{"@type":"ListItem","position":1,"name":"Startseite","item":"https:\/\/tsvmusberg.de\/tennis\/"},{"@type":"ListItem","position":2,"name":"Tennishalle","item":"https:\/\/tsvmusberg.de\/tennis\/tennishalle\/"},{"@type":"ListItem","position":3,"name":"Buchungssystem"}]},{"@type":"WebSite","@id":"https:\/\/tsvmusberg.de\/tennis\/#website","url":"https:\/\/tsvmusberg.de\/tennis\/","name":"Tennis","description":"Turn- und Sportvereinigung in Leinfelden-Echterdingen","publisher":{"@id":"https:\/\/tsvmusberg.de\/tennis\/#organization"},"potentialAction":[{"@type":"SearchAction","target":{"@type":"EntryPoint","urlTemplate":"https:\/\/tsvmusberg.de\/tennis\/?s={search_term_string}"},"query-input":{"@type":"PropertyValueSpecification","valueRequired":true,"valueName":"search_term_string"}}],"inLanguage":"de"},{"@type":"Organization","@id":"https:\/\/tsvmusberg.de\/tennis\/#organization","name":"TSV Musberg e.V.","url":"https:\/\/tsvmusberg.de\/tennis\/","logo":{"@type":"ImageObject","inLanguage":"de","@id":"https:\/\/tsvmusberg.de\/tennis\/#\/schema\/logo\/image\/","url":"https:\/\/tsvmusberg.de\/tennis\/wp-content\/uploads\/sites\/2\/tsv-musberg-logo.svg","contentUrl":"https:\/\/tsvmusberg.de\/tennis\/wp-content\/uploads\/sites\/2\/tsv-musberg-logo.svg","width":1,"height":1,"caption":"TSV Musberg e.V."},"image":{"@id":"https:\/\/tsvmusberg.de\/tennis\/#\/schema\/logo\/image\/"}}]}},"_links":{"self":[{"href":"https:\/\/tsvmusberg.de\/tennis\/wp-json\/wp\/v2\/pages\/313","targetHints":{"allow":["GET"]}}],"collection":[{"href":"https:\/\/tsvmusberg.de\/tennis\/wp-json\/wp\/v2\/pages"}],"about":[{"href":"https:\/\/tsvmusberg.de\/tennis\/wp-json\/wp\/v2\/types\/page"}],"author":[{"embeddable":true,"href":"https:\/\/tsvmusberg.de\/tennis\/wp-json\/wp\/v2\/users\/1"}],"replies":[{"embeddable":true,"href":"https:\/\/tsvmusberg.de\/tennis\/wp-json\/wp\/v2\/comments?post=313"}],"version-history":[{"count":10,"href":"https:\/\/tsvmusberg.de\/tennis\/wp-json\/wp\/v2\/pages\/313\/revisions"}],"predecessor-version":[{"id":2110,"href":"https:\/\/tsvmusberg.de\/tennis\/wp-json\/wp\/v2\/pages\/313\/revisions\/2110"}],"up":[{"embeddable":true,"href":"https:\/\/tsvmusberg.de\/tennis\/wp-json\/wp\/v2\/pages\/302"}],"wp:attachment":[{"href":"https:\/\/tsvmusberg.de\/tennis\/wp-json\/wp\/v2\/media?parent=313"}],"curies":[{"name":"wp","href":"https:\/\/api.w.org\/{rel}","templated":true}]}}