{"id":305,"date":"2022-03-29T20:40:14","date_gmt":"2022-03-29T18:40:14","guid":{"rendered":"https:\/\/tsvmusberg.de\/tennis\/?page_id=305"},"modified":"2025-09-22T11:55:25","modified_gmt":"2025-09-22T09:55:25","slug":"einzelstunden","status":"publish","type":"page","link":"https:\/\/tsvmusberg.de\/tennis\/tennishalle\/einzelstunden\/","title":{"rendered":"Einzelstunden"},"content":{"rendered":"[vc_row type=&#8221;in_container&#8221; full_screen_row_position=&#8221;middle&#8221; column_margin=&#8221;default&#8221; column_direction=&#8221;default&#8221; column_direction_tablet=&#8221;default&#8221; column_direction_phone=&#8221;default&#8221; scene_position=&#8221;center&#8221; text_color=&#8221;dark&#8221; text_align=&#8221;left&#8221; row_border_radius=&#8221;none&#8221; row_border_radius_applies=&#8221;bg&#8221; overflow=&#8221;visible&#8221; overlay_strength=&#8221;0.3&#8243; gradient_direction=&#8221;left_to_right&#8221; shape_divider_position=&#8221;bottom&#8221; bg_image_animation=&#8221;none&#8221;][vc_column column_padding=&#8221;no-extra-padding&#8221; column_padding_tablet=&#8221;inherit&#8221; column_padding_phone=&#8221;inherit&#8221; column_padding_position=&#8221;all&#8221; column_element_direction_desktop=&#8221;default&#8221; column_element_spacing=&#8221;default&#8221; desktop_text_alignment=&#8221;default&#8221; tablet_text_alignment=&#8221;default&#8221; phone_text_alignment=&#8221;default&#8221; background_color_opacity=&#8221;1&#8243; background_hover_color_opacity=&#8221;1&#8243; column_backdrop_filter=&#8221;none&#8221; column_shadow=&#8221;none&#8221; column_border_radius=&#8221;none&#8221; column_link_target=&#8221;_self&#8221; column_position=&#8221;default&#8221; gradient_direction=&#8221;left_to_right&#8221; overlay_strength=&#8221;0.3&#8243; width=&#8221;1\/1&#8243; tablet_width_inherit=&#8221;default&#8221; animation_type=&#8221;default&#8221; bg_image_animation=&#8221;none&#8221; border_type=&#8221;simple&#8221; column_border_width=&#8221;none&#8221; column_border_style=&#8221;solid&#8221;][vc_column_text css=&#8221;&#8221; text_direction=&#8221;default&#8221;]\n<div id=\"c193\">\n<h3>Preise in der Wintersaison f\u00fcr Mitglieder<\/h3>\n<div class=\"ce-textpic ce-left ce-above\">\n<div class=\"ce-bodytext\">\n<p>Speziell f\u00fcr unsere Mitglieder versuchen wir das Spielen in unserer Tennishalle immer attraktiver zu machen. Durch Abos sind vor allem die Hauptzeiten sehr gut gebucht. In den Nebenzeiten gibt es aber noch viele M\u00f6glichkeiten unseren Sport auszu\u00fcben.<\/p>\n<p><b>Erwachsene<br \/>\n<\/b>In den Hauptzeiten (Mo.-Fr.) 17-21 Uhr\u00a0 \u00a0 \u00a0 \u00a0 \u00a0 \u00a0 \u00a0 \u00a0 \u00a0<b>20\u20ac \/\u00a0Std.<br \/>\n<\/b>In den Nebenzeiten (alle Nicht-Hauptzeiten)\u00a0 \u00a0\u00a0<b>\u00a0\u00a0\u00a0 14\u20ac \/ Std.<br \/>\n<\/b><\/p>\n<p><b>Kinder und Jugendliche spielen miteinander<br \/>\n<\/b>Kinder und Jugendliche k\u00f6nnen in den Nebenzeiten<br \/>\nf\u00fcr Spiele untereinander f\u00fcr\u00a0 \u00a0 \u00a0 \u00a0 \u00a0 \u00a0 \u00a0 \u00a0 \u00a0 \u00a0 \u00a0 \u00a0 \u00a0 \u00a0 \u00a0 \u00a0 \u00a0 \u00a0 \u00a0 7<b>\u20ac \/ Std.<\/b><br \/>\nbuchen.<\/p>\n<h3><b>Eltern\/Erwachsene spielen mit Kindern\/Jugendlichen<\/b><\/h3>\n<p>Wenn Eltern mit ihren Kindern oder Jugendlichen Einzelstunden buchen m\u00f6chten, haben wir auch hierf\u00fcr ein attraktives Angebot.<br \/>\nWir bitten darum, dass in diesem Fall jeweils der Erwachsene die Buchung im Hallenbuchungssystem vornimmt. Parallel schickt ihr eine <a class=\"mail\" title=\"Mail an Hallenbuchung@tsvmusberg.de\">Mail<\/a>\u00a0mit einer kurzen Notiz (Name, Datum, Uhrzeit), dass ihr mit einem Kind\/Jugendlichem gespielt habt. Wir werden euch dann denn verg\u00fcnstigten Tarif nachtr\u00e4glich einbuchen.<br \/>\nDieser betr\u00e4gt dann <b>12,50\u20ac bzw. 9,50\u20ac \/\u00a0Std.<\/b>\u00a0je nach Spielzeit.<br \/>\n(Etwas umst\u00e4ndlich, l\u00e4sst sich aber leider in Buchungstool nicht besser machen.)<\/p>\n<p>Alle Preise enthalten 7% Mehrwertsteuer<\/p>\n<\/div>\n<\/div>\n<\/div>\n<div id=\"c1095\">\n<p>Alle Preise beziehen sich auf die <b>mindest Spiel- bzw. Buchungsdauer von 60 Minuten<\/b>. Die Spielzeit kann im Buchungssystem in 30 Minutenschritten verl\u00e4ngert werden. Der Preis pro 30 min\u00fctiger Verl\u00e4ngerung ist jeweils der halbe Stundenpreis. Die Platzbuchungeen k\u00f6nnen mit einem 24 Stunden Vorlauf kostenfrei storniert werden.<\/p>\n<\/div>\n<div id=\"c1094\">\n<div class=\"ce-textpic ce-left ce-above\">\n<div class=\"ce-bodytext\">\n<p>Stunden Preise beinhalten alle Betriebskosten ( Licht , Heizung &#8230;)<br \/>\nEinzelbuchungen k\u00f6nnen maximal 1 Woche im Voraus vorgenommen werden.<\/p>\n<\/div>\n<\/div>\n<\/div>\n<div id=\"c1797\">\n<div class=\"ce-textpic ce-left ce-above\">\n<div class=\"ce-bodytext\">\n<h3><strong>Unterst\u00fctzung von Privat-Tennistraining<\/strong><\/h3>\n<p>Der Verein m\u00f6chte, dass in unserer Tennishalle qualifiziertes und bezahlbares Training angeboten wird. Aus diesem Grund gibt es f\u00fcr privates Tennistraining f\u00fcr unsere Mitglieder durch unser Trainerteam spezial Konditionen f\u00fcr die Tennishalle.<\/p>\n<p>Diese sind wie folgt:<br \/>\n10\u20ac \/ Std in den Nebenzeiten und<br \/>\n14\u20ac \/ Std in den Hauptzeiten<\/p>\n<p>Die Buchung muss durch den jeweiligen Trainer erfolgen. Unsere Trainer finden Sie <a href=\"https:\/\/tsvmusberg.de\/tennis\/sportangebot\/trainer\/\" target=\"_blank\" rel=\"noopener\">hier<\/a> .<\/p>\n<\/div>\n<\/div>\n<\/div>\n<div id=\"c197\">\n<h3><strong>Samstagabend = Tennisabend!<\/strong><\/h3>\n<p><span style=\"font-size: 16px\">Die Tennishalle steht am Samstag- und Sonntagabend f\u00fcr Veranstaltungen wie Tennisturniere f\u00fcr alle Hallennutzer zur Verf\u00fcgung.<br \/>\n<\/span>Die komplette Tennishalle mit 3 Pl\u00e4tzen kann in der Zeit ab\u00a018 bis 23 Uhr zu einem g\u00fcnstigen Pauschalpreis gemietet werden. <a href=\"support.tennis@tsvmusberg.de\">Bitte sprechen Sie uns an!<\/a><\/p>\n<\/div>\n<div id=\"c196\">\n<div class=\"ce-textpic ce-left ce-above\">\n<div class=\"ce-bodytext\"><\/div>\n<\/div>\n<\/div>\n<div id=\"c198\">\n<div id=\"c193\">\n<div class=\"ce-textpic ce-left ce-above\">\n<div class=\"ce-bodytext\">\n<h3><strong>Preise in der Wintersaison f\u00fcr Nicht-Mitglieder<\/strong><\/h3>\n<\/div>\n<\/div>\n<\/div>\n<div id=\"c1095\">\n<p><span style=\"font-size: 16px\">Die deutlich gestiegenen Preise f\u00fcr Heizung und Licht f\u00fchren dazu, dass wir unsere Preise ab dem 1.2.2023 anheben mussten.<br \/>\n<\/span><span style=\"font-size: 16px\">In den Hauptzeiten (Mo.-Fr.) 17-21 Uhr\u00a0 \u00a0 \u00a0 \u00a0 \u00a0 \u00a0 \u00a0 \u00a0<\/span><strong>25\u20ac \/ Std.<\/strong><b style=\"font-size: 16px\"><br \/>\n<\/b>In den Nebenzeiten (alle Nicht-Hauptzeiten)\u00a0 \u00a0 \u00a0 \u00a0 \u00a0 <strong>21\u20ac \/ Std.<\/strong><b><br \/>\n<\/b><br \/>\nAlle Preise enthalten 19% Mehrwertsteuer<\/p>\n<h2>Preise in der Sommersaison<\/h2>\n<p><span lang=\"EN-GB\">F\u00fcr TSV-Mitglieder betr\u00e4gt der Preis f\u00fcr eine Hallenstunde in der Sommersaison 5<\/span>\u20ac \/ Stunde und kann maximal 2 Tage im Voraus gebucht werden.<br \/>\nNichtmitglieder bezahlen 10\u20ac \/ Stunde.<\/p>\n<\/div>\n<h2>Zugang zur Tennishalle<\/h2>\n<div class=\"ce-textpic ce-left ce-above\">\n<div class=\"ce-bodytext\">\n<ul>\n<li><b>G\u00e4ste auf unserer Anlage<\/b><br \/>\n\u00dcber unser Hallenbuchungssystem bekommen Sie eine SMS zugeschickt.<br \/>\nDarin befindet sich neben einigen weiteren Information ihr pers\u00f6nlicher\u00a0Zutrittscode. Diesen geben Sie am Eingabeger\u00e4t rechts neben der Hallent\u00fcr ein.<\/li>\n<li><b>F\u00fcr Mitglieder d<\/b><b>er T<\/b><b>ennisabteilung<\/b><br \/>\nMitglieder der Tennisabteilung\u00a0 haben eine Code-Karte. Diese wird einfach in die N\u00e4he des Leseger\u00e4tes gehalten. Code-Karten bekommt man an der Theke im Clubhaus oder<br \/>\nMitglieder k\u00f6nnen auch wie G\u00e4ste einen per SMS zugesandten, tempor\u00e4ren, pers\u00f6nlichen\u00a0Zutrittscode benutzen.<\/li>\n<\/ul>\n<\/div>\n<\/div>\n<\/div>\n<div id=\"c199\">\n<div class=\"ce-textpic ce-left ce-above\"><\/div>\n<\/div>\n[\/vc_column_text][vc_column_text]\n<div id=\"c193\"><\/div>\n<div id=\"c198\">\n<div class=\"ce-textpic ce-left ce-above\">\n<div class=\"ce-bodytext\">\n<p>&nbsp;<\/p>\n<\/div>\n<\/div>\n<\/div>\n<div id=\"c199\">\n<div class=\"ce-textpic ce-left ce-above\"><\/div>\n<\/div>\n[\/vc_column_text][\/vc_column][\/vc_row]\n","protected":false},"excerpt":{"rendered":"<p>[vc_row type=&#8221;in_container&#8221; full_screen_row_position=&#8221;middle&#8221; column_margin=&#8221;default&#8221; column_direction=&#8221;default&#8221; column_direction_tablet=&#8221;default&#8221; column_direction_phone=&#8221;default&#8221; scene_position=&#8221;center&#8221; text_color=&#8221;dark&#8221; text_align=&#8221;left&#8221; row_border_radius=&#8221;none&#8221; row_border_radius_applies=&#8221;bg&#8221; overflow=&#8221;visible&#8221; overlay_strength=&#8221;0.3&#8243; gradient_direction=&#8221;left_to_right&#8221; shape_divider_position=&#8221;bottom&#8221; bg_image_animation=&#8221;none&#8221;][vc_column column_padding=&#8221;no-extra-padding&#8221; column_padding_tablet=&#8221;inherit&#8221; column_padding_phone=&#8221;inherit&#8221; column_padding_position=&#8221;all&#8221; column_element_direction_desktop=&#8221;default&#8221; column_element_spacing=&#8221;default&#8221; desktop_text_alignment=&#8221;default&#8221; tablet_text_alignment=&#8221;default&#8221; phone_text_alignment=&#8221;default&#8221; background_color_opacity=&#8221;1&#8243; background_hover_color_opacity=&#8221;1&#8243; column_backdrop_filter=&#8221;none&#8221; column_shadow=&#8221;none&#8221;&#8230;<\/p>\n","protected":false},"author":1,"featured_media":0,"parent":302,"menu_order":0,"comment_status":"closed","ping_status":"closed","template":"","meta":{"footnotes":""},"class_list":["post-305","page","type-page","status-publish"],"yoast_head":"<!-- This site is optimized with the Yoast SEO plugin v27.5 - https:\/\/yoast.com\/product\/yoast-seo-wordpress\/ -->\n<title>Einzelstunden | Tennis<\/title>\n<meta name=\"robots\" content=\"index, follow, max-snippet:-1, max-image-preview:large, max-video-preview:-1\" \/>\n<link rel=\"canonical\" href=\"https:\/\/tsvmusberg.de\/tennis\/tennishalle\/einzelstunden\/\" \/>\n<meta property=\"og:locale\" content=\"de_DE\" \/>\n<meta property=\"og:type\" content=\"article\" \/>\n<meta property=\"og:title\" content=\"Einzelstunden | Tennis\" \/>\n<meta property=\"og:description\" content=\"[vc_row type=&#8221;in_container&#8221; full_screen_row_position=&#8221;middle&#8221; column_margin=&#8221;default&#8221; column_direction=&#8221;default&#8221; column_direction_tablet=&#8221;default&#8221; column_direction_phone=&#8221;default&#8221; scene_position=&#8221;center&#8221; text_color=&#8221;dark&#8221; text_align=&#8221;left&#8221; row_border_radius=&#8221;none&#8221; row_border_radius_applies=&#8221;bg&#8221; overflow=&#8221;visible&#8221; overlay_strength=&#8221;0.3&#8243; gradient_direction=&#8221;left_to_right&#8221; shape_divider_position=&#8221;bottom&#8221; bg_image_animation=&#8221;none&#8221;][vc_column column_padding=&#8221;no-extra-padding&#8221; column_padding_tablet=&#8221;inherit&#8221; column_padding_phone=&#8221;inherit&#8221; column_padding_position=&#8221;all&#8221; column_element_direction_desktop=&#8221;default&#8221; column_element_spacing=&#8221;default&#8221; desktop_text_alignment=&#8221;default&#8221; tablet_text_alignment=&#8221;default&#8221; phone_text_alignment=&#8221;default&#8221; background_color_opacity=&#8221;1&#8243; background_hover_color_opacity=&#8221;1&#8243; column_backdrop_filter=&#8221;none&#8221; column_shadow=&#8221;none&#8221;...\" \/>\n<meta property=\"og:url\" content=\"https:\/\/tsvmusberg.de\/tennis\/tennishalle\/einzelstunden\/\" \/>\n<meta property=\"og:site_name\" content=\"Tennis\" \/>\n<meta property=\"article:modified_time\" content=\"2025-09-22T09:55:25+00:00\" \/>\n<meta name=\"twitter:card\" content=\"summary_large_image\" \/>\n<meta name=\"twitter:label1\" content=\"Gesch\u00e4tzte Lesezeit\" \/>\n\t<meta name=\"twitter:data1\" content=\"3\u00a0Minuten\" \/>\n<script type=\"application\/ld+json\" class=\"yoast-schema-graph\">{\"@context\":\"https:\\\/\\\/schema.org\",\"@graph\":[{\"@type\":\"WebPage\",\"@id\":\"https:\\\/\\\/tsvmusberg.de\\\/tennis\\\/tennishalle\\\/einzelstunden\\\/\",\"url\":\"https:\\\/\\\/tsvmusberg.de\\\/tennis\\\/tennishalle\\\/einzelstunden\\\/\",\"name\":\"Einzelstunden | Tennis\",\"isPartOf\":{\"@id\":\"https:\\\/\\\/tsvmusberg.de\\\/tennis\\\/#website\"},\"datePublished\":\"2022-03-29T18:40:14+00:00\",\"dateModified\":\"2025-09-22T09:55:25+00:00\",\"breadcrumb\":{\"@id\":\"https:\\\/\\\/tsvmusberg.de\\\/tennis\\\/tennishalle\\\/einzelstunden\\\/#breadcrumb\"},\"inLanguage\":\"de\",\"potentialAction\":[{\"@type\":\"ReadAction\",\"target\":[\"https:\\\/\\\/tsvmusberg.de\\\/tennis\\\/tennishalle\\\/einzelstunden\\\/\"]}]},{\"@type\":\"BreadcrumbList\",\"@id\":\"https:\\\/\\\/tsvmusberg.de\\\/tennis\\\/tennishalle\\\/einzelstunden\\\/#breadcrumb\",\"itemListElement\":[{\"@type\":\"ListItem\",\"position\":1,\"name\":\"Startseite\",\"item\":\"https:\\\/\\\/tsvmusberg.de\\\/tennis\\\/\"},{\"@type\":\"ListItem\",\"position\":2,\"name\":\"Tennishalle\",\"item\":\"https:\\\/\\\/tsvmusberg.de\\\/tennis\\\/tennishalle\\\/\"},{\"@type\":\"ListItem\",\"position\":3,\"name\":\"Einzelstunden\"}]},{\"@type\":\"WebSite\",\"@id\":\"https:\\\/\\\/tsvmusberg.de\\\/tennis\\\/#website\",\"url\":\"https:\\\/\\\/tsvmusberg.de\\\/tennis\\\/\",\"name\":\"Tennis\",\"description\":\"Turn- und Sportvereinigung in Leinfelden-Echterdingen\",\"publisher\":{\"@id\":\"https:\\\/\\\/tsvmusberg.de\\\/tennis\\\/#organization\"},\"potentialAction\":[{\"@type\":\"SearchAction\",\"target\":{\"@type\":\"EntryPoint\",\"urlTemplate\":\"https:\\\/\\\/tsvmusberg.de\\\/tennis\\\/?s={search_term_string}\"},\"query-input\":{\"@type\":\"PropertyValueSpecification\",\"valueRequired\":true,\"valueName\":\"search_term_string\"}}],\"inLanguage\":\"de\"},{\"@type\":\"Organization\",\"@id\":\"https:\\\/\\\/tsvmusberg.de\\\/tennis\\\/#organization\",\"name\":\"TSV Musberg e.V.\",\"url\":\"https:\\\/\\\/tsvmusberg.de\\\/tennis\\\/\",\"logo\":{\"@type\":\"ImageObject\",\"inLanguage\":\"de\",\"@id\":\"https:\\\/\\\/tsvmusberg.de\\\/tennis\\\/#\\\/schema\\\/logo\\\/image\\\/\",\"url\":\"https:\\\/\\\/tsvmusberg.de\\\/tennis\\\/wp-content\\\/uploads\\\/sites\\\/2\\\/tsv-musberg-logo.svg\",\"contentUrl\":\"https:\\\/\\\/tsvmusberg.de\\\/tennis\\\/wp-content\\\/uploads\\\/sites\\\/2\\\/tsv-musberg-logo.svg\",\"width\":1,\"height\":1,\"caption\":\"TSV Musberg e.V.\"},\"image\":{\"@id\":\"https:\\\/\\\/tsvmusberg.de\\\/tennis\\\/#\\\/schema\\\/logo\\\/image\\\/\"}}]}<\/script>\n<!-- \/ Yoast SEO plugin. -->","yoast_head_json":{"title":"Einzelstunden | Tennis","robots":{"index":"index","follow":"follow","max-snippet":"max-snippet:-1","max-image-preview":"max-image-preview:large","max-video-preview":"max-video-preview:-1"},"canonical":"https:\/\/tsvmusberg.de\/tennis\/tennishalle\/einzelstunden\/","og_locale":"de_DE","og_type":"article","og_title":"Einzelstunden | Tennis","og_description":"[vc_row type=&#8221;in_container&#8221; full_screen_row_position=&#8221;middle&#8221; column_margin=&#8221;default&#8221; column_direction=&#8221;default&#8221; column_direction_tablet=&#8221;default&#8221; column_direction_phone=&#8221;default&#8221; scene_position=&#8221;center&#8221; text_color=&#8221;dark&#8221; text_align=&#8221;left&#8221; row_border_radius=&#8221;none&#8221; row_border_radius_applies=&#8221;bg&#8221; overflow=&#8221;visible&#8221; overlay_strength=&#8221;0.3&#8243; gradient_direction=&#8221;left_to_right&#8221; shape_divider_position=&#8221;bottom&#8221; bg_image_animation=&#8221;none&#8221;][vc_column column_padding=&#8221;no-extra-padding&#8221; column_padding_tablet=&#8221;inherit&#8221; column_padding_phone=&#8221;inherit&#8221; column_padding_position=&#8221;all&#8221; column_element_direction_desktop=&#8221;default&#8221; column_element_spacing=&#8221;default&#8221; desktop_text_alignment=&#8221;default&#8221; tablet_text_alignment=&#8221;default&#8221; phone_text_alignment=&#8221;default&#8221; background_color_opacity=&#8221;1&#8243; background_hover_color_opacity=&#8221;1&#8243; column_backdrop_filter=&#8221;none&#8221; column_shadow=&#8221;none&#8221;...","og_url":"https:\/\/tsvmusberg.de\/tennis\/tennishalle\/einzelstunden\/","og_site_name":"Tennis","article_modified_time":"2025-09-22T09:55:25+00:00","twitter_card":"summary_large_image","twitter_misc":{"Gesch\u00e4tzte Lesezeit":"3\u00a0Minuten"},"schema":{"@context":"https:\/\/schema.org","@graph":[{"@type":"WebPage","@id":"https:\/\/tsvmusberg.de\/tennis\/tennishalle\/einzelstunden\/","url":"https:\/\/tsvmusberg.de\/tennis\/tennishalle\/einzelstunden\/","name":"Einzelstunden | Tennis","isPartOf":{"@id":"https:\/\/tsvmusberg.de\/tennis\/#website"},"datePublished":"2022-03-29T18:40:14+00:00","dateModified":"2025-09-22T09:55:25+00:00","breadcrumb":{"@id":"https:\/\/tsvmusberg.de\/tennis\/tennishalle\/einzelstunden\/#breadcrumb"},"inLanguage":"de","potentialAction":[{"@type":"ReadAction","target":["https:\/\/tsvmusberg.de\/tennis\/tennishalle\/einzelstunden\/"]}]},{"@type":"BreadcrumbList","@id":"https:\/\/tsvmusberg.de\/tennis\/tennishalle\/einzelstunden\/#breadcrumb","itemListElement":[{"@type":"ListItem","position":1,"name":"Startseite","item":"https:\/\/tsvmusberg.de\/tennis\/"},{"@type":"ListItem","position":2,"name":"Tennishalle","item":"https:\/\/tsvmusberg.de\/tennis\/tennishalle\/"},{"@type":"ListItem","position":3,"name":"Einzelstunden"}]},{"@type":"WebSite","@id":"https:\/\/tsvmusberg.de\/tennis\/#website","url":"https:\/\/tsvmusberg.de\/tennis\/","name":"Tennis","description":"Turn- und Sportvereinigung in Leinfelden-Echterdingen","publisher":{"@id":"https:\/\/tsvmusberg.de\/tennis\/#organization"},"potentialAction":[{"@type":"SearchAction","target":{"@type":"EntryPoint","urlTemplate":"https:\/\/tsvmusberg.de\/tennis\/?s={search_term_string}"},"query-input":{"@type":"PropertyValueSpecification","valueRequired":true,"valueName":"search_term_string"}}],"inLanguage":"de"},{"@type":"Organization","@id":"https:\/\/tsvmusberg.de\/tennis\/#organization","name":"TSV Musberg e.V.","url":"https:\/\/tsvmusberg.de\/tennis\/","logo":{"@type":"ImageObject","inLanguage":"de","@id":"https:\/\/tsvmusberg.de\/tennis\/#\/schema\/logo\/image\/","url":"https:\/\/tsvmusberg.de\/tennis\/wp-content\/uploads\/sites\/2\/tsv-musberg-logo.svg","contentUrl":"https:\/\/tsvmusberg.de\/tennis\/wp-content\/uploads\/sites\/2\/tsv-musberg-logo.svg","width":1,"height":1,"caption":"TSV Musberg e.V."},"image":{"@id":"https:\/\/tsvmusberg.de\/tennis\/#\/schema\/logo\/image\/"}}]}},"_links":{"self":[{"href":"https:\/\/tsvmusberg.de\/tennis\/wp-json\/wp\/v2\/pages\/305","targetHints":{"allow":["GET"]}}],"collection":[{"href":"https:\/\/tsvmusberg.de\/tennis\/wp-json\/wp\/v2\/pages"}],"about":[{"href":"https:\/\/tsvmusberg.de\/tennis\/wp-json\/wp\/v2\/types\/page"}],"author":[{"embeddable":true,"href":"https:\/\/tsvmusberg.de\/tennis\/wp-json\/wp\/v2\/users\/1"}],"replies":[{"embeddable":true,"href":"https:\/\/tsvmusberg.de\/tennis\/wp-json\/wp\/v2\/comments?post=305"}],"version-history":[{"count":21,"href":"https:\/\/tsvmusberg.de\/tennis\/wp-json\/wp\/v2\/pages\/305\/revisions"}],"predecessor-version":[{"id":2104,"href":"https:\/\/tsvmusberg.de\/tennis\/wp-json\/wp\/v2\/pages\/305\/revisions\/2104"}],"up":[{"embeddable":true,"href":"https:\/\/tsvmusberg.de\/tennis\/wp-json\/wp\/v2\/pages\/302"}],"wp:attachment":[{"href":"https:\/\/tsvmusberg.de\/tennis\/wp-json\/wp\/v2\/media?parent=305"}],"curies":[{"name":"wp","href":"https:\/\/api.w.org\/{rel}","templated":true}]}}