{"id":372,"date":"2022-03-29T20:54:45","date_gmt":"2022-03-29T18:54:45","guid":{"rendered":"https:\/\/tsvmusberg.de\/ski\/?page_id=372"},"modified":"2022-07-23T21:39:04","modified_gmt":"2022-07-23T19:39:04","slug":"lehrteam","status":"publish","type":"page","link":"https:\/\/tsvmusberg.de\/ski\/team\/lehrteam\/","title":{"rendered":"Lehrteam"},"content":{"rendered":"[vc_row type=&#8221;in_container&#8221; full_screen_row_position=&#8221;top&#8221; column_margin=&#8221;default&#8221; column_direction=&#8221;default&#8221; column_direction_tablet=&#8221;default&#8221; column_direction_phone=&#8221;default&#8221; scene_position=&#8221;center&#8221; text_color=&#8221;dark&#8221; text_align=&#8221;left&#8221; row_border_radius=&#8221;none&#8221; row_border_radius_applies=&#8221;bg&#8221; overflow=&#8221;visible&#8221; advanced_gradient_angle=&#8221;0&#8243; overlay_strength=&#8221;0.3&#8243; gradient_direction=&#8221;left_to_right&#8221; shape_divider_position=&#8221;bottom&#8221; bg_image_animation=&#8221;none&#8221; gradient_type=&#8221;default&#8221; shape_type=&#8221;mountains&#8221;][vc_column column_padding=&#8221;no-extra-padding&#8221; column_padding_tablet=&#8221;inherit&#8221; column_padding_phone=&#8221;inherit&#8221; column_padding_position=&#8221;all&#8221; column_element_spacing=&#8221;default&#8221; background_color_opacity=&#8221;1&#8243; background_hover_color_opacity=&#8221;1&#8243; column_shadow=&#8221;none&#8221; column_border_radius=&#8221;none&#8221; column_link_target=&#8221;_self&#8221; column_position=&#8221;default&#8221; gradient_direction=&#8221;left_to_right&#8221; overlay_strength=&#8221;0.3&#8243; width=&#8221;1\/1&#8243; tablet_width_inherit=&#8221;default&#8221; tablet_text_alignment=&#8221;default&#8221; phone_text_alignment=&#8221;default&#8221; animation_type=&#8221;default&#8221; bg_image_animation=&#8221;none&#8221; border_type=&#8221;simple&#8221; column_border_width=&#8221;none&#8221; column_border_style=&#8221;solid&#8221;][heading]<strong>Wir sind ein Team!<\/strong>[\/heading][\/vc_column][\/vc_row][vc_row type=&#8221;in_container&#8221; full_screen_row_position=&#8221;middle&#8221; column_margin=&#8221;default&#8221; column_direction=&#8221;default&#8221; column_direction_tablet=&#8221;default&#8221; column_direction_phone=&#8221;default&#8221; scene_position=&#8221;center&#8221; top_padding=&#8221;25&#8243; bottom_padding=&#8221;25&#8243; left_padding_desktop=&#8221;25&#8243; right_padding_desktop=&#8221;25&#8243; text_color=&#8221;dark&#8221; text_align=&#8221;left&#8221; row_border_radius=&#8221;none&#8221; row_border_radius_applies=&#8221;bg&#8221; overflow=&#8221;visible&#8221; advanced_gradient_angle=&#8221;0&#8243; overlay_strength=&#8221;0.3&#8243; gradient_direction=&#8221;left_to_right&#8221; shape_divider_position=&#8221;bottom&#8221; bg_image_animation=&#8221;none&#8221; gradient_type=&#8221;default&#8221; shape_type=&#8221;&#8221;][vc_column column_padding=&#8221;no-extra-padding&#8221; column_padding_tablet=&#8221;inherit&#8221; column_padding_phone=&#8221;inherit&#8221; column_padding_position=&#8221;all&#8221; column_element_spacing=&#8221;default&#8221; background_color_opacity=&#8221;1&#8243; background_hover_color_opacity=&#8221;1&#8243; column_shadow=&#8221;none&#8221; column_border_radius=&#8221;none&#8221; column_link_target=&#8221;_self&#8221; column_position=&#8221;default&#8221; gradient_direction=&#8221;left_to_right&#8221; overlay_strength=&#8221;0.3&#8243; width=&#8221;1\/1&#8243; tablet_width_inherit=&#8221;default&#8221; tablet_text_alignment=&#8221;default&#8221; phone_text_alignment=&#8221;default&#8221; animation_type=&#8221;default&#8221; bg_image_animation=&#8221;none&#8221; border_type=&#8221;simple&#8221; column_border_width=&#8221;none&#8221; column_border_style=&#8221;solid&#8221;][vc_row_inner column_margin=&#8221;default&#8221; column_direction=&#8221;default&#8221; column_direction_tablet=&#8221;default&#8221; column_direction_phone=&#8221;default&#8221; text_align=&#8221;left&#8221; row_position=&#8221;default&#8221; row_position_tablet=&#8221;inherit&#8221; row_position_phone=&#8221;inherit&#8221; overflow=&#8221;visible&#8221; pointer_events=&#8221;all&#8221;][vc_column_inner column_padding=&#8221;no-extra-padding&#8221; column_padding_tablet=&#8221;inherit&#8221; column_padding_phone=&#8221;inherit&#8221; column_padding_position=&#8221;all&#8221; column_element_spacing=&#8221;default&#8221; background_color_opacity=&#8221;1&#8243; background_hover_color_opacity=&#8221;1&#8243; column_shadow=&#8221;none&#8221; column_border_radius=&#8221;none&#8221; column_link_target=&#8221;_self&#8221; gradient_direction=&#8221;left_to_right&#8221; overlay_strength=&#8221;0.3&#8243; width=&#8221;1\/1&#8243; tablet_width_inherit=&#8221;default&#8221; animation_type=&#8221;default&#8221; bg_image_animation=&#8221;none&#8221; border_type=&#8221;simple&#8221; column_border_width=&#8221;none&#8221; column_border_style=&#8221;solid&#8221;][vc_column_text css_animation=&#8221;none&#8221;]Dieses Team, welches ihr weiter unten bestaunen k\u00f6nnt, ist das wohl eines der <a href=\"https:\/\/www.ski-musberg.de\/unser-team\/intern\/\" target=\"_self\" rel=\"noopener\"><strong>besten Lehrteams<\/strong><\/a>\u00a0im Raum Schwaben. Wir k\u00f6nnen mit vollem Stolz berichten, dass wir j\u00e4hrlich \u00dcbungsleiter auf Ausbildungslehrg\u00e4nge vom Schw\u00e4bischen Skiverband schicken und somit eine vielzahl an lizenzierten Ski- und Boardlehrern im Team haben. Dar\u00fcber hinaus sind vier von unseren Teammitgliedern im Landeslehrteam vom Schw\u00e4bischen Skiverband vertreten, was es so im Raum Stuttgart nicht noch einmal gibt. Im Landeslehrteam des Schw\u00e4bischen Skiverbands sind die besten Skilehrer im schw\u00e4bischen Raum vertreten!<\/p>\n<p><strong>Unser Ziel<\/strong>\u00a0ist es mit\u00a0<strong>j\u00e4hrlich<\/strong>\u00a0neuen Ideen\u00a0<strong>unseren Teilnehmern<\/strong>\u00a0einen unvergesslichen und spa\u00dfigen\u00a0<strong>Kurs<\/strong>\u00a0zu bieten. Ob Klein oder Gro\u00df &#8211; unser Team ist perfekt darauf eingestellt und kann durch die gro\u00dfe Erfahrung und mit der Vielzahl an \u00dcbungsleitern punkten. So k\u00f6nnen wir immer wieder einen perfekten Kurstag im Schnee garantieren.<\/p>\n<p>Wir sind eine Gruppe von \u00fcber 20 immer top gelaunten und spa\u00dfigen M\u00e4dels und Jungs. Durch den Mix von jahrelanger Erfahrung und neuen Inputs der J\u00fcngeren sind wir schneetechnisch immer perfekt vorbereitet. Zudem k\u00f6nnen wir immer wieder durch Grillfeste, eigenen Wochenendausfahrten und Teambuildings dem Alltag entfliehen und den gemeinsamen Spa\u00df genie\u00dfen![\/vc_column_text][\/vc_column_inner][\/vc_row_inner][toggles style=&#8221;minimal_shadow&#8221;][toggle color=&#8221;Default&#8221; heading_tag=&#8221;default&#8221; title=&#8221;Willst du Teil unseres Teams werden?&#8221;][vc_column_text]<strong>Wenn du auch Teil dieses legend\u00e4ren, einzigartigen Teams werden willst, bist du jederzeit Willkommen.<\/strong>\u00a0Ob du schon \u00dcbungsleiter-Erfahrung hast oder erstmal schnupper willst, ist uns egal! Wir freuen uns schon jetzt auf dich! Melde dich einfach bei Gregor unter seiner Mail-Adresse:\u00a0<u>gregor.hofmeister@ski-musberg.de<\/u>.<\/p>\n<p>Von ihm erh\u00e4ltst du alle wichtigen Infos und die Einladung zu unserem n\u00e4chsten Treffen![\/vc_column_text][vc_column_text][\/vc_column_text][\/toggle][\/toggles][\/vc_column][\/vc_row][vc_row type=&#8221;full_width_background&#8221; full_screen_row_position=&#8221;middle&#8221; column_margin=&#8221;default&#8221; column_direction=&#8221;default&#8221; column_direction_tablet=&#8221;default&#8221; column_direction_phone=&#8221;default&#8221; bg_image=&#8221;993&#8243; bg_position=&#8221;left top&#8221; background_image_loading=&#8221;default&#8221; bg_repeat=&#8221;no-repeat&#8221; scene_position=&#8221;center&#8221; top_padding=&#8221;25&#8243; bottom_padding=&#8221;25&#8243; left_padding_desktop=&#8221;25&#8243; right_padding_desktop=&#8221;25&#8243; text_color=&#8221;dark&#8221; text_align=&#8221;left&#8221; row_border_radius=&#8221;none&#8221; row_border_radius_applies=&#8221;bg&#8221; overflow=&#8221;visible&#8221; enable_gradient=&#8221;true&#8221; color_overlay=&#8221;#0062a9&#8243; color_overlay_2=&#8221;#d4021d&#8221; advanced_gradient_angle=&#8221;0&#8243; overlay_strength=&#8221;0.3&#8243; gradient_direction=&#8221;left_to_right&#8221; shape_divider_position=&#8221;bottom&#8221; bg_image_animation=&#8221;none&#8221; gradient_type=&#8221;default&#8221; shape_type=&#8221;&#8221;][vc_column column_padding=&#8221;no-extra-padding&#8221; column_padding_tablet=&#8221;inherit&#8221; column_padding_phone=&#8221;inherit&#8221; column_padding_position=&#8221;all&#8221; column_element_spacing=&#8221;default&#8221; background_color_opacity=&#8221;1&#8243; background_hover_color_opacity=&#8221;1&#8243; column_shadow=&#8221;none&#8221; column_border_radius=&#8221;none&#8221; column_link_target=&#8221;_self&#8221; column_position=&#8221;default&#8221; gradient_direction=&#8221;left_to_right&#8221; overlay_strength=&#8221;0.3&#8243; width=&#8221;1\/1&#8243; tablet_width_inherit=&#8221;default&#8221; tablet_text_alignment=&#8221;default&#8221; phone_text_alignment=&#8221;default&#8221; animation_type=&#8221;default&#8221; bg_image_animation=&#8221;none&#8221; border_type=&#8221;simple&#8221; column_border_width=&#8221;none&#8221; column_border_style=&#8221;solid&#8221;][vc_gallery type=&#8221;image_grid&#8221; images=&#8221;939,945,944,947,946,940,950,969,967,968,951,961,962,949,965,960,966,964,963,952,953,954,955,956,957,958,959,948,943,942,941&#8243; image_grid_loading=&#8221;default&#8221; display_title_caption=&#8221;true&#8221; layout=&#8221;4&#8243; item_spacing=&#8221;default&#8221; gallery_style=&#8221;7&#8243; load_in_animation=&#8221;none&#8221; img_size=&#8221;600&#215;550&#8243;][\/vc_column][\/vc_row]\n","protected":false},"excerpt":{"rendered":"<p>[vc_row type=&#8221;in_container&#8221; full_screen_row_position=&#8221;top&#8221; column_margin=&#8221;default&#8221; column_direction=&#8221;default&#8221; column_direction_tablet=&#8221;default&#8221; column_direction_phone=&#8221;default&#8221; scene_position=&#8221;center&#8221; text_color=&#8221;dark&#8221; text_align=&#8221;left&#8221; row_border_radius=&#8221;none&#8221; row_border_radius_applies=&#8221;bg&#8221; overflow=&#8221;visible&#8221; advanced_gradient_angle=&#8221;0&#8243; overlay_strength=&#8221;0.3&#8243; gradient_direction=&#8221;left_to_right&#8221; shape_divider_position=&#8221;bottom&#8221; bg_image_animation=&#8221;none&#8221; gradient_type=&#8221;default&#8221; shape_type=&#8221;mountains&#8221;][vc_column column_padding=&#8221;no-extra-padding&#8221; column_padding_tablet=&#8221;inherit&#8221; column_padding_phone=&#8221;inherit&#8221; column_padding_position=&#8221;all&#8221; column_element_spacing=&#8221;default&#8221; background_color_opacity=&#8221;1&#8243; background_hover_color_opacity=&#8221;1&#8243; column_shadow=&#8221;none&#8221; column_border_radius=&#8221;none&#8221; column_link_target=&#8221;_self&#8221;&#8230;<\/p>\n","protected":false},"author":1,"featured_media":0,"parent":987,"menu_order":0,"comment_status":"closed","ping_status":"closed","template":"","meta":{"footnotes":""},"class_list":["post-372","page","type-page","status-publish"],"yoast_head":"<!-- This site is optimized with the Yoast SEO plugin v27.4 - https:\/\/yoast.com\/product\/yoast-seo-wordpress\/ -->\n<title>Lehrteam | Ski<\/title>\n<meta name=\"robots\" content=\"index, follow, max-snippet:-1, max-image-preview:large, max-video-preview:-1\" \/>\n<link rel=\"canonical\" href=\"https:\/\/tsvmusberg.de\/ski\/team\/lehrteam\/\" \/>\n<meta property=\"og:locale\" content=\"de_DE\" \/>\n<meta property=\"og:type\" content=\"article\" \/>\n<meta property=\"og:title\" content=\"Lehrteam | Ski\" \/>\n<meta property=\"og:description\" content=\"[vc_row type=&#8221;in_container&#8221; full_screen_row_position=&#8221;top&#8221; column_margin=&#8221;default&#8221; column_direction=&#8221;default&#8221; column_direction_tablet=&#8221;default&#8221; column_direction_phone=&#8221;default&#8221; scene_position=&#8221;center&#8221; text_color=&#8221;dark&#8221; text_align=&#8221;left&#8221; row_border_radius=&#8221;none&#8221; row_border_radius_applies=&#8221;bg&#8221; overflow=&#8221;visible&#8221; advanced_gradient_angle=&#8221;0&#8243; overlay_strength=&#8221;0.3&#8243; gradient_direction=&#8221;left_to_right&#8221; shape_divider_position=&#8221;bottom&#8221; bg_image_animation=&#8221;none&#8221; gradient_type=&#8221;default&#8221; shape_type=&#8221;mountains&#8221;][vc_column column_padding=&#8221;no-extra-padding&#8221; column_padding_tablet=&#8221;inherit&#8221; column_padding_phone=&#8221;inherit&#8221; column_padding_position=&#8221;all&#8221; column_element_spacing=&#8221;default&#8221; background_color_opacity=&#8221;1&#8243; background_hover_color_opacity=&#8221;1&#8243; column_shadow=&#8221;none&#8221; column_border_radius=&#8221;none&#8221; column_link_target=&#8221;_self&#8221;...\" \/>\n<meta property=\"og:url\" content=\"https:\/\/tsvmusberg.de\/ski\/team\/lehrteam\/\" \/>\n<meta property=\"og:site_name\" content=\"Ski\" \/>\n<meta property=\"article:modified_time\" content=\"2022-07-23T19:39:04+00:00\" \/>\n<meta name=\"twitter:card\" content=\"summary_large_image\" \/>\n<meta name=\"twitter:label1\" content=\"Gesch\u00e4tzte Lesezeit\" \/>\n\t<meta name=\"twitter:data1\" content=\"3\u00a0Minuten\" \/>\n<script type=\"application\/ld+json\" class=\"yoast-schema-graph\">{\"@context\":\"https:\\\/\\\/schema.org\",\"@graph\":[{\"@type\":\"WebPage\",\"@id\":\"https:\\\/\\\/tsvmusberg.de\\\/ski\\\/team\\\/lehrteam\\\/\",\"url\":\"https:\\\/\\\/tsvmusberg.de\\\/ski\\\/team\\\/lehrteam\\\/\",\"name\":\"Lehrteam | Ski\",\"isPartOf\":{\"@id\":\"https:\\\/\\\/tsvmusberg.de\\\/ski\\\/#website\"},\"datePublished\":\"2022-03-29T18:54:45+00:00\",\"dateModified\":\"2022-07-23T19:39:04+00:00\",\"breadcrumb\":{\"@id\":\"https:\\\/\\\/tsvmusberg.de\\\/ski\\\/team\\\/lehrteam\\\/#breadcrumb\"},\"inLanguage\":\"de\",\"potentialAction\":[{\"@type\":\"ReadAction\",\"target\":[\"https:\\\/\\\/tsvmusberg.de\\\/ski\\\/team\\\/lehrteam\\\/\"]}]},{\"@type\":\"BreadcrumbList\",\"@id\":\"https:\\\/\\\/tsvmusberg.de\\\/ski\\\/team\\\/lehrteam\\\/#breadcrumb\",\"itemListElement\":[{\"@type\":\"ListItem\",\"position\":1,\"name\":\"Startseite\",\"item\":\"https:\\\/\\\/tsvmusberg.de\\\/ski\\\/\"},{\"@type\":\"ListItem\",\"position\":2,\"name\":\"Unser Team\",\"item\":\"https:\\\/\\\/tsvmusberg.de\\\/ski\\\/team\\\/\"},{\"@type\":\"ListItem\",\"position\":3,\"name\":\"Lehrteam\"}]},{\"@type\":\"WebSite\",\"@id\":\"https:\\\/\\\/tsvmusberg.de\\\/ski\\\/#website\",\"url\":\"https:\\\/\\\/tsvmusberg.de\\\/ski\\\/\",\"name\":\"Ski\",\"description\":\"Turn- und Sportvereinigung in Leinfelden-Echterdingen\",\"publisher\":{\"@id\":\"https:\\\/\\\/tsvmusberg.de\\\/ski\\\/#organization\"},\"potentialAction\":[{\"@type\":\"SearchAction\",\"target\":{\"@type\":\"EntryPoint\",\"urlTemplate\":\"https:\\\/\\\/tsvmusberg.de\\\/ski\\\/?s={search_term_string}\"},\"query-input\":{\"@type\":\"PropertyValueSpecification\",\"valueRequired\":true,\"valueName\":\"search_term_string\"}}],\"inLanguage\":\"de\"},{\"@type\":\"Organization\",\"@id\":\"https:\\\/\\\/tsvmusberg.de\\\/ski\\\/#organization\",\"name\":\"TSV Musberg e.V.\",\"url\":\"https:\\\/\\\/tsvmusberg.de\\\/ski\\\/\",\"logo\":{\"@type\":\"ImageObject\",\"inLanguage\":\"de\",\"@id\":\"https:\\\/\\\/tsvmusberg.de\\\/ski\\\/#\\\/schema\\\/logo\\\/image\\\/\",\"url\":\"https:\\\/\\\/tsvmusberg.de\\\/ski\\\/wp-content\\\/uploads\\\/sites\\\/18\\\/tsv-musberg-logo.svg\",\"contentUrl\":\"https:\\\/\\\/tsvmusberg.de\\\/ski\\\/wp-content\\\/uploads\\\/sites\\\/18\\\/tsv-musberg-logo.svg\",\"width\":1,\"height\":1,\"caption\":\"TSV Musberg e.V.\"},\"image\":{\"@id\":\"https:\\\/\\\/tsvmusberg.de\\\/ski\\\/#\\\/schema\\\/logo\\\/image\\\/\"}}]}<\/script>\n<!-- \/ Yoast SEO plugin. -->","yoast_head_json":{"title":"Lehrteam | Ski","robots":{"index":"index","follow":"follow","max-snippet":"max-snippet:-1","max-image-preview":"max-image-preview:large","max-video-preview":"max-video-preview:-1"},"canonical":"https:\/\/tsvmusberg.de\/ski\/team\/lehrteam\/","og_locale":"de_DE","og_type":"article","og_title":"Lehrteam | Ski","og_description":"[vc_row type=&#8221;in_container&#8221; full_screen_row_position=&#8221;top&#8221; column_margin=&#8221;default&#8221; column_direction=&#8221;default&#8221; column_direction_tablet=&#8221;default&#8221; column_direction_phone=&#8221;default&#8221; scene_position=&#8221;center&#8221; text_color=&#8221;dark&#8221; text_align=&#8221;left&#8221; row_border_radius=&#8221;none&#8221; row_border_radius_applies=&#8221;bg&#8221; overflow=&#8221;visible&#8221; advanced_gradient_angle=&#8221;0&#8243; overlay_strength=&#8221;0.3&#8243; gradient_direction=&#8221;left_to_right&#8221; shape_divider_position=&#8221;bottom&#8221; bg_image_animation=&#8221;none&#8221; gradient_type=&#8221;default&#8221; shape_type=&#8221;mountains&#8221;][vc_column column_padding=&#8221;no-extra-padding&#8221; column_padding_tablet=&#8221;inherit&#8221; column_padding_phone=&#8221;inherit&#8221; column_padding_position=&#8221;all&#8221; column_element_spacing=&#8221;default&#8221; background_color_opacity=&#8221;1&#8243; background_hover_color_opacity=&#8221;1&#8243; column_shadow=&#8221;none&#8221; column_border_radius=&#8221;none&#8221; column_link_target=&#8221;_self&#8221;...","og_url":"https:\/\/tsvmusberg.de\/ski\/team\/lehrteam\/","og_site_name":"Ski","article_modified_time":"2022-07-23T19:39:04+00:00","twitter_card":"summary_large_image","twitter_misc":{"Gesch\u00e4tzte Lesezeit":"3\u00a0Minuten"},"schema":{"@context":"https:\/\/schema.org","@graph":[{"@type":"WebPage","@id":"https:\/\/tsvmusberg.de\/ski\/team\/lehrteam\/","url":"https:\/\/tsvmusberg.de\/ski\/team\/lehrteam\/","name":"Lehrteam | Ski","isPartOf":{"@id":"https:\/\/tsvmusberg.de\/ski\/#website"},"datePublished":"2022-03-29T18:54:45+00:00","dateModified":"2022-07-23T19:39:04+00:00","breadcrumb":{"@id":"https:\/\/tsvmusberg.de\/ski\/team\/lehrteam\/#breadcrumb"},"inLanguage":"de","potentialAction":[{"@type":"ReadAction","target":["https:\/\/tsvmusberg.de\/ski\/team\/lehrteam\/"]}]},{"@type":"BreadcrumbList","@id":"https:\/\/tsvmusberg.de\/ski\/team\/lehrteam\/#breadcrumb","itemListElement":[{"@type":"ListItem","position":1,"name":"Startseite","item":"https:\/\/tsvmusberg.de\/ski\/"},{"@type":"ListItem","position":2,"name":"Unser Team","item":"https:\/\/tsvmusberg.de\/ski\/team\/"},{"@type":"ListItem","position":3,"name":"Lehrteam"}]},{"@type":"WebSite","@id":"https:\/\/tsvmusberg.de\/ski\/#website","url":"https:\/\/tsvmusberg.de\/ski\/","name":"Ski","description":"Turn- und Sportvereinigung in Leinfelden-Echterdingen","publisher":{"@id":"https:\/\/tsvmusberg.de\/ski\/#organization"},"potentialAction":[{"@type":"SearchAction","target":{"@type":"EntryPoint","urlTemplate":"https:\/\/tsvmusberg.de\/ski\/?s={search_term_string}"},"query-input":{"@type":"PropertyValueSpecification","valueRequired":true,"valueName":"search_term_string"}}],"inLanguage":"de"},{"@type":"Organization","@id":"https:\/\/tsvmusberg.de\/ski\/#organization","name":"TSV Musberg e.V.","url":"https:\/\/tsvmusberg.de\/ski\/","logo":{"@type":"ImageObject","inLanguage":"de","@id":"https:\/\/tsvmusberg.de\/ski\/#\/schema\/logo\/image\/","url":"https:\/\/tsvmusberg.de\/ski\/wp-content\/uploads\/sites\/18\/tsv-musberg-logo.svg","contentUrl":"https:\/\/tsvmusberg.de\/ski\/wp-content\/uploads\/sites\/18\/tsv-musberg-logo.svg","width":1,"height":1,"caption":"TSV Musberg e.V."},"image":{"@id":"https:\/\/tsvmusberg.de\/ski\/#\/schema\/logo\/image\/"}}]}},"_links":{"self":[{"href":"https:\/\/tsvmusberg.de\/ski\/wp-json\/wp\/v2\/pages\/372","targetHints":{"allow":["GET"]}}],"collection":[{"href":"https:\/\/tsvmusberg.de\/ski\/wp-json\/wp\/v2\/pages"}],"about":[{"href":"https:\/\/tsvmusberg.de\/ski\/wp-json\/wp\/v2\/types\/page"}],"author":[{"embeddable":true,"href":"https:\/\/tsvmusberg.de\/ski\/wp-json\/wp\/v2\/users\/1"}],"replies":[{"embeddable":true,"href":"https:\/\/tsvmusberg.de\/ski\/wp-json\/wp\/v2\/comments?post=372"}],"version-history":[{"count":23,"href":"https:\/\/tsvmusberg.de\/ski\/wp-json\/wp\/v2\/pages\/372\/revisions"}],"predecessor-version":[{"id":999,"href":"https:\/\/tsvmusberg.de\/ski\/wp-json\/wp\/v2\/pages\/372\/revisions\/999"}],"up":[{"embeddable":true,"href":"https:\/\/tsvmusberg.de\/ski\/wp-json\/wp\/v2\/pages\/987"}],"wp:attachment":[{"href":"https:\/\/tsvmusberg.de\/ski\/wp-json\/wp\/v2\/media?parent=372"}],"curies":[{"name":"wp","href":"https:\/\/api.w.org\/{rel}","templated":true}]}}