{"id":986,"date":"2022-08-01T09:11:49","date_gmt":"2022-08-01T07:11:49","guid":{"rendered":"https:\/\/tsvmusberg.de\/fussball\/?page_id=986"},"modified":"2022-08-02T12:34:10","modified_gmt":"2022-08-02T10:34:10","slug":"inkluskion-aktuelles","status":"publish","type":"page","link":"https:\/\/tsvmusberg.de\/fussball\/inkluskion-aktuelles\/","title":{"rendered":"Aktuelles"},"content":{"rendered":"[vc_row type=&#8221;in_container&#8221; full_screen_row_position=&#8221;middle&#8221; column_margin=&#8221;100px&#8221; equal_height=&#8221;yes&#8221; content_placement=&#8221;middle&#8221; column_direction=&#8221;default&#8221; column_direction_tablet=&#8221;default&#8221; column_direction_phone=&#8221;default&#8221; scene_position=&#8221;center&#8221; top_padding=&#8221;100&#8243; text_color=&#8221;dark&#8221; text_align=&#8221;left&#8221; row_border_radius=&#8221;none&#8221; row_border_radius_applies=&#8221;bg&#8221; overflow=&#8221;visible&#8221; advanced_gradient_angle=&#8221;0&#8243; overlay_strength=&#8221;0.3&#8243; gradient_direction=&#8221;left_to_right&#8221; shape_divider_position=&#8221;bottom&#8221; bg_image_animation=&#8221;none&#8221; gradient_type=&#8221;default&#8221; shape_type=&#8221;&#8221;][vc_column column_padding=&#8221;no-extra-padding&#8221; column_padding_tablet=&#8221;inherit&#8221; column_padding_phone=&#8221;inherit&#8221; column_padding_position=&#8221;all&#8221; column_element_spacing=&#8221;default&#8221; background_color_opacity=&#8221;1&#8243; background_hover_color_opacity=&#8221;1&#8243; column_shadow=&#8221;none&#8221; column_border_radius=&#8221;none&#8221; column_link_target=&#8221;_self&#8221; column_position=&#8221;default&#8221; gradient_direction=&#8221;left_to_right&#8221; overlay_strength=&#8221;0.3&#8243; width=&#8221;1\/2&#8243; tablet_width_inherit=&#8221;default&#8221; tablet_text_alignment=&#8221;default&#8221; phone_text_alignment=&#8221;default&#8221; animation_type=&#8221;default&#8221; bg_image_animation=&#8221;none&#8221; border_type=&#8221;simple&#8221; column_border_width=&#8221;none&#8221; column_border_style=&#8221;solid&#8221;][split_line_heading animation_type=&#8221;line-reveal-by-space&#8221; font_style=&#8221;h2&#8243; line_reveal_by_space_text_effect=&#8221;default&#8221; content_alignment=&#8221;default&#8221; mobile_content_alignment=&#8221;inherit&#8221; link_target=&#8221;_self&#8221; text_content=&#8221;Freundschaftsspiel im Rahmen des 24-Stundenlaufs in T\u00fcbingen&#8221;][\/split_line_heading][divider line_type=&#8221;No Line&#8221;][vc_column_text]Am 29. Juli wurde in T\u00fcbingen ein 24-Stunden-Spendenlauf veranstaltet, um das Bewusstsein und die M\u00f6glichkeiten f\u00fcr Inklusion durch den Sport in besonderem Ma\u00dfe anzuregen. Alle Spenden dieser Veranstaltung, die vom T\u00fcbinger OB Boris Palmer er\u00f6ffnet wurde, gingen an die neu gegr\u00fcndete Inklusionsfu\u00dfballmannschaft T\u00fcbingen.<\/p>\n<p>Im Rahmen dieser tollen Aktion haben wir mit der U16 des TSV Musberg All Inklusiv ein Freundschaftsspiel gegen die Inklusionsmannschaft T\u00fcbingen ausgetragen. Als besondere Attraktion wurde unsere Partie vom ehemaligen FIFA-Schiedsrichter Knut Kircher geleitet. Das Freundschaftsspiel bot den Zuschauern viele gelungene Spielz\u00fcge und insgesamt neun Tore. Nach einer Spielzeit von 2x 15 Minuten konnte sich unsere U16 mit 6:3 erfolgreich durchsetzen. Die Tore erzielten Sarah (3), Beno\u00eet und Alina. Dazu kam noch ein ungl\u00fcckliches Eigentor des T\u00fcbinger Inklusionsteams. Viel wichtiger als das Ergebnis war jedoch das gemeinsame Spiel als Werbung f\u00fcr den Inklusionsfu\u00dfball. Nach dem Spiel lie\u00dfen wir den Abend im T\u00fcbinger Stadion noch gem\u00fctlich mit einem gemeinsamen Essen ausklingen.<\/p>\n<p>Es spielten f\u00fcr die U16 des TSV Musberg All Inklusiv:<\/p>\n<p>Lasse, Lana, Sinje, S\u00f6ren, Ole, Beno\u00eet, Sarah, Alina und Helen.[\/vc_column_text][\/vc_column][vc_column column_padding=&#8221;no-extra-padding&#8221; column_padding_tablet=&#8221;inherit&#8221; column_padding_phone=&#8221;inherit&#8221; column_padding_position=&#8221;all&#8221; column_element_spacing=&#8221;default&#8221; background_color_opacity=&#8221;1&#8243; background_hover_color_opacity=&#8221;1&#8243; column_shadow=&#8221;none&#8221; column_border_radius=&#8221;none&#8221; column_link_target=&#8221;_self&#8221; column_position=&#8221;default&#8221; gradient_direction=&#8221;left_to_right&#8221; overlay_strength=&#8221;0.3&#8243; width=&#8221;1\/2&#8243; tablet_width_inherit=&#8221;default&#8221; tablet_text_alignment=&#8221;default&#8221; phone_text_alignment=&#8221;default&#8221; animation_type=&#8221;default&#8221; bg_image_animation=&#8221;none&#8221; border_type=&#8221;simple&#8221; column_border_width=&#8221;none&#8221; column_border_style=&#8221;solid&#8221;][image_with_animation image_url=&#8221;987&#8243; image_size=&#8221;full&#8221; animation_type=&#8221;entrance&#8221; animation=&#8221;Fade In&#8221; hover_animation=&#8221;none&#8221; alignment=&#8221;center&#8221; img_link_large=&#8221;yes&#8221; border_radius=&#8221;none&#8221; box_shadow=&#8221;none&#8221; image_loading=&#8221;default&#8221; max_width=&#8221;100%&#8221; max_width_mobile=&#8221;default&#8221;][\/vc_column][\/vc_row][vc_row type=&#8221;in_container&#8221; full_screen_row_position=&#8221;middle&#8221; column_margin=&#8221;100px&#8221; equal_height=&#8221;yes&#8221; content_placement=&#8221;middle&#8221; column_direction=&#8221;default&#8221; column_direction_tablet=&#8221;default&#8221; column_direction_phone=&#8221;default&#8221; scene_position=&#8221;center&#8221; top_padding=&#8221;100&#8243; text_color=&#8221;dark&#8221; text_align=&#8221;left&#8221; row_border_radius=&#8221;none&#8221; row_border_radius_applies=&#8221;bg&#8221; overflow=&#8221;visible&#8221; advanced_gradient_angle=&#8221;0&#8243; overlay_strength=&#8221;0.3&#8243; gradient_direction=&#8221;left_to_right&#8221; shape_divider_position=&#8221;bottom&#8221; bg_image_animation=&#8221;none&#8221; gradient_type=&#8221;default&#8221; shape_type=&#8221;&#8221;][vc_column column_padding=&#8221;no-extra-padding&#8221; column_padding_tablet=&#8221;inherit&#8221; column_padding_phone=&#8221;inherit&#8221; column_padding_position=&#8221;all&#8221; column_element_spacing=&#8221;default&#8221; background_color_opacity=&#8221;1&#8243; background_hover_color_opacity=&#8221;1&#8243; column_shadow=&#8221;none&#8221; column_border_radius=&#8221;none&#8221; column_link_target=&#8221;_self&#8221; column_position=&#8221;default&#8221; gradient_direction=&#8221;left_to_right&#8221; overlay_strength=&#8221;0.3&#8243; width=&#8221;1\/2&#8243; tablet_width_inherit=&#8221;default&#8221; tablet_text_alignment=&#8221;default&#8221; phone_text_alignment=&#8221;default&#8221; animation_type=&#8221;default&#8221; bg_image_animation=&#8221;none&#8221; border_type=&#8221;simple&#8221; column_border_width=&#8221;none&#8221; column_border_style=&#8221;solid&#8221;][image_with_animation image_url=&#8221;991&#8243; image_size=&#8221;full&#8221; animation_type=&#8221;entrance&#8221; animation=&#8221;Fade In&#8221; hover_animation=&#8221;none&#8221; alignment=&#8221;center&#8221; img_link_large=&#8221;yes&#8221; border_radius=&#8221;none&#8221; box_shadow=&#8221;none&#8221; image_loading=&#8221;default&#8221; max_width=&#8221;100%&#8221; max_width_mobile=&#8221;default&#8221;][\/vc_column][vc_column column_padding=&#8221;no-extra-padding&#8221; column_padding_tablet=&#8221;inherit&#8221; column_padding_phone=&#8221;inherit&#8221; column_padding_position=&#8221;all&#8221; column_element_spacing=&#8221;default&#8221; background_color_opacity=&#8221;1&#8243; background_hover_color_opacity=&#8221;1&#8243; column_shadow=&#8221;none&#8221; column_border_radius=&#8221;none&#8221; column_link_target=&#8221;_self&#8221; column_position=&#8221;default&#8221; gradient_direction=&#8221;left_to_right&#8221; overlay_strength=&#8221;0.3&#8243; width=&#8221;1\/2&#8243; tablet_width_inherit=&#8221;default&#8221; tablet_text_alignment=&#8221;default&#8221; phone_text_alignment=&#8221;default&#8221; animation_type=&#8221;default&#8221; bg_image_animation=&#8221;none&#8221; border_type=&#8221;simple&#8221; column_border_width=&#8221;none&#8221; column_border_style=&#8221;solid&#8221;][split_line_heading animation_type=&#8221;line-reveal-by-space&#8221; font_style=&#8221;h2&#8243; line_reveal_by_space_text_effect=&#8221;default&#8221; content_alignment=&#8221;default&#8221; mobile_content_alignment=&#8221;inherit&#8221; link_target=&#8221;_self&#8221; text_content=&#8221;3. Unified-Cup 16.07.22&#8243;][\/split_line_heading][divider line_type=&#8221;No Line&#8221;][vc_column_text]Am 16.07. fand bereits zum dritten Mal der Unified-Cup statt. Bei diesem Turnier ging es das erste Mal um den Wanderpokal, der von der Fa Dobler Kennzeichnungen gespendet wurde. Hierzu konnten wir 15 Mannschaften aus Bayern und Baden-W\u00fcrttemberg begr\u00fc\u00dfen. Nach der Begr\u00fc\u00dfung durch Michael Hilbert ( stv. Vorstand) konnten die Spiele bei sommerlichen Temperaturen beginnen. Nach spannenden und interessanten Spielen traten in der Mittagspause die Tanzgruppe der TSG Reutlingen Inklusiv auf. Danke, dass ihr da wart.<\/p>\n<p>Als weiteres wurde unser Trainer Alex mit der Jugendleiter Ehrennadel in Bronze, f\u00fcr sein Engagement, ausgezeichnet. Die Ehrung nahm Oliver Deutscher vom WFV vor. Anschlie\u00dfend folgte die Finalrunde,\u00a0 bei der sich am Ende die Schwarzwaldwerkstatt Dornstetten gegen die TSG Reutlingen, nach Verl\u00e4ngerung durchsetzen konnte. Zum Ende des Turnieres konnten wir dann noch Herrn OB Klenk begr\u00fc\u00dfen, der vor der Siegerehrung noch ein paar Worte an die Spieler und Zuschauer richtete.<\/p>\n<p>Bei der Siegerehrung konnte dann die Schwarzwaldwerkstett den Wanderpokal in Empfang nehmen. Wir freuen uns schon auf den 4. Unified-Cup im n\u00e4chsten Jahr.<\/p>\n<p>Wir m\u00f6chten uns noch bei folgenden Personen f\u00fcr die Hilfe und Unterst\u00fctzung bedanken:<\/p>\n<ul>\n<li>Fa. Dobler Kennzeichnungen f\u00fcr die Preise<\/li>\n<li>Tierradiologie Hanke f\u00fcr die Unterst\u00fctzung<\/li>\n<li>den Eltern die das ganze Catering gestemmt haben<\/li>\n<li>den Kuchenb\u00e4ckerinnen<\/li>\n<li>den Schiedsrichtern und der Turnierleitung f\u00fcr die souver\u00e4ne Leitung<\/li>\n<li>den Fotografen f\u00fcr die vielen Bilder<\/li>\n<li>Michael Hilbert, Stefan R\u00f6sch, Raimond Sch\u00f6ll &amp; Dieter Muntzinger f\u00fcr Ihre Hilfe<\/li>\n<li>meinen Trainerkollegen ( Jan, Nico, Florian)<\/li>\n<li>an unsere Gastspieler, so dass wir 3 Teams stellen konnten,<\/li>\n<li>und allen die ich vergessen habe<\/li>\n<\/ul>\n<p>Danke f\u00fcr eure Hilfe[\/vc_column_text][\/vc_column][\/vc_row]\n","protected":false},"excerpt":{"rendered":"<p>[vc_row type=&#8221;in_container&#8221; full_screen_row_position=&#8221;middle&#8221; column_margin=&#8221;100px&#8221; equal_height=&#8221;yes&#8221; content_placement=&#8221;middle&#8221; column_direction=&#8221;default&#8221; column_direction_tablet=&#8221;default&#8221; column_direction_phone=&#8221;default&#8221; scene_position=&#8221;center&#8221; top_padding=&#8221;100&#8243; text_color=&#8221;dark&#8221; text_align=&#8221;left&#8221; row_border_radius=&#8221;none&#8221; row_border_radius_applies=&#8221;bg&#8221; overflow=&#8221;visible&#8221; advanced_gradient_angle=&#8221;0&#8243; overlay_strength=&#8221;0.3&#8243; gradient_direction=&#8221;left_to_right&#8221; shape_divider_position=&#8221;bottom&#8221; bg_image_animation=&#8221;none&#8221; gradient_type=&#8221;default&#8221; shape_type=&#8221;&#8221;][vc_column column_padding=&#8221;no-extra-padding&#8221; column_padding_tablet=&#8221;inherit&#8221; column_padding_phone=&#8221;inherit&#8221; column_padding_position=&#8221;all&#8221; column_element_spacing=&#8221;default&#8221; background_color_opacity=&#8221;1&#8243; background_hover_color_opacity=&#8221;1&#8243;&#8230;<\/p>\n","protected":false},"author":5,"featured_media":0,"parent":0,"menu_order":0,"comment_status":"closed","ping_status":"closed","template":"","meta":{"footnotes":""},"class_list":["post-986","page","type-page","status-publish"],"yoast_head":"<!-- This site is optimized with the Yoast SEO plugin v27.3 - https:\/\/yoast.com\/product\/yoast-seo-wordpress\/ -->\n<title>Aktuelles | Fu\u00dfball<\/title>\n<meta name=\"robots\" content=\"index, follow, max-snippet:-1, max-image-preview:large, max-video-preview:-1\" \/>\n<link rel=\"canonical\" href=\"https:\/\/tsvmusberg.de\/fussball\/inkluskion-aktuelles\/\" \/>\n<meta property=\"og:locale\" content=\"de_DE\" \/>\n<meta property=\"og:type\" content=\"article\" \/>\n<meta property=\"og:title\" content=\"Aktuelles | Fu\u00dfball\" \/>\n<meta property=\"og:description\" content=\"[vc_row type=&#8221;in_container&#8221; full_screen_row_position=&#8221;middle&#8221; column_margin=&#8221;100px&#8221; equal_height=&#8221;yes&#8221; content_placement=&#8221;middle&#8221; column_direction=&#8221;default&#8221; column_direction_tablet=&#8221;default&#8221; column_direction_phone=&#8221;default&#8221; scene_position=&#8221;center&#8221; top_padding=&#8221;100&#8243; text_color=&#8221;dark&#8221; text_align=&#8221;left&#8221; row_border_radius=&#8221;none&#8221; row_border_radius_applies=&#8221;bg&#8221; overflow=&#8221;visible&#8221; advanced_gradient_angle=&#8221;0&#8243; overlay_strength=&#8221;0.3&#8243; gradient_direction=&#8221;left_to_right&#8221; shape_divider_position=&#8221;bottom&#8221; bg_image_animation=&#8221;none&#8221; gradient_type=&#8221;default&#8221; shape_type=&#8221;&#8221;][vc_column column_padding=&#8221;no-extra-padding&#8221; column_padding_tablet=&#8221;inherit&#8221; column_padding_phone=&#8221;inherit&#8221; column_padding_position=&#8221;all&#8221; column_element_spacing=&#8221;default&#8221; background_color_opacity=&#8221;1&#8243; background_hover_color_opacity=&#8221;1&#8243;...\" \/>\n<meta property=\"og:url\" content=\"https:\/\/tsvmusberg.de\/fussball\/inkluskion-aktuelles\/\" \/>\n<meta property=\"og:site_name\" content=\"Fu\u00dfball\" \/>\n<meta property=\"article:modified_time\" content=\"2022-08-02T10:34:10+00:00\" \/>\n<meta name=\"twitter:card\" content=\"summary_large_image\" \/>\n<meta name=\"twitter:label1\" content=\"Gesch\u00e4tzte Lesezeit\" \/>\n\t<meta name=\"twitter:data1\" content=\"4\u00a0Minuten\" \/>\n<script type=\"application\/ld+json\" class=\"yoast-schema-graph\">{\"@context\":\"https:\\\/\\\/schema.org\",\"@graph\":[{\"@type\":\"WebPage\",\"@id\":\"https:\\\/\\\/tsvmusberg.de\\\/fussball\\\/inkluskion-aktuelles\\\/\",\"url\":\"https:\\\/\\\/tsvmusberg.de\\\/fussball\\\/inkluskion-aktuelles\\\/\",\"name\":\"Aktuelles | Fu\u00dfball\",\"isPartOf\":{\"@id\":\"https:\\\/\\\/tsvmusberg.de\\\/fussball\\\/#website\"},\"datePublished\":\"2022-08-01T07:11:49+00:00\",\"dateModified\":\"2022-08-02T10:34:10+00:00\",\"breadcrumb\":{\"@id\":\"https:\\\/\\\/tsvmusberg.de\\\/fussball\\\/inkluskion-aktuelles\\\/#breadcrumb\"},\"inLanguage\":\"de\",\"potentialAction\":[{\"@type\":\"ReadAction\",\"target\":[\"https:\\\/\\\/tsvmusberg.de\\\/fussball\\\/inkluskion-aktuelles\\\/\"]}]},{\"@type\":\"BreadcrumbList\",\"@id\":\"https:\\\/\\\/tsvmusberg.de\\\/fussball\\\/inkluskion-aktuelles\\\/#breadcrumb\",\"itemListElement\":[{\"@type\":\"ListItem\",\"position\":1,\"name\":\"Startseite\",\"item\":\"https:\\\/\\\/tsvmusberg.de\\\/fussball\\\/\"},{\"@type\":\"ListItem\",\"position\":2,\"name\":\"Aktuelles\"}]},{\"@type\":\"WebSite\",\"@id\":\"https:\\\/\\\/tsvmusberg.de\\\/fussball\\\/#website\",\"url\":\"https:\\\/\\\/tsvmusberg.de\\\/fussball\\\/\",\"name\":\"Fu\u00dfball\",\"description\":\"Turn- und Sportvereinigung in Leinfelden-Echterdingen\",\"publisher\":{\"@id\":\"https:\\\/\\\/tsvmusberg.de\\\/fussball\\\/#organization\"},\"potentialAction\":[{\"@type\":\"SearchAction\",\"target\":{\"@type\":\"EntryPoint\",\"urlTemplate\":\"https:\\\/\\\/tsvmusberg.de\\\/fussball\\\/?s={search_term_string}\"},\"query-input\":{\"@type\":\"PropertyValueSpecification\",\"valueRequired\":true,\"valueName\":\"search_term_string\"}}],\"inLanguage\":\"de\"},{\"@type\":\"Organization\",\"@id\":\"https:\\\/\\\/tsvmusberg.de\\\/fussball\\\/#organization\",\"name\":\"TSV Musberg e.V.\",\"url\":\"https:\\\/\\\/tsvmusberg.de\\\/fussball\\\/\",\"logo\":{\"@type\":\"ImageObject\",\"inLanguage\":\"de\",\"@id\":\"https:\\\/\\\/tsvmusberg.de\\\/fussball\\\/#\\\/schema\\\/logo\\\/image\\\/\",\"url\":\"https:\\\/\\\/tsvmusberg.de\\\/fussball\\\/wp-content\\\/uploads\\\/sites\\\/14\\\/tsv-musberg-logo.svg\",\"contentUrl\":\"https:\\\/\\\/tsvmusberg.de\\\/fussball\\\/wp-content\\\/uploads\\\/sites\\\/14\\\/tsv-musberg-logo.svg\",\"width\":1,\"height\":1,\"caption\":\"TSV Musberg e.V.\"},\"image\":{\"@id\":\"https:\\\/\\\/tsvmusberg.de\\\/fussball\\\/#\\\/schema\\\/logo\\\/image\\\/\"}}]}<\/script>\n<!-- \/ Yoast SEO plugin. -->","yoast_head_json":{"title":"Aktuelles | Fu\u00dfball","robots":{"index":"index","follow":"follow","max-snippet":"max-snippet:-1","max-image-preview":"max-image-preview:large","max-video-preview":"max-video-preview:-1"},"canonical":"https:\/\/tsvmusberg.de\/fussball\/inkluskion-aktuelles\/","og_locale":"de_DE","og_type":"article","og_title":"Aktuelles | Fu\u00dfball","og_description":"[vc_row type=&#8221;in_container&#8221; full_screen_row_position=&#8221;middle&#8221; column_margin=&#8221;100px&#8221; equal_height=&#8221;yes&#8221; content_placement=&#8221;middle&#8221; column_direction=&#8221;default&#8221; column_direction_tablet=&#8221;default&#8221; column_direction_phone=&#8221;default&#8221; scene_position=&#8221;center&#8221; top_padding=&#8221;100&#8243; text_color=&#8221;dark&#8221; text_align=&#8221;left&#8221; row_border_radius=&#8221;none&#8221; row_border_radius_applies=&#8221;bg&#8221; overflow=&#8221;visible&#8221; advanced_gradient_angle=&#8221;0&#8243; overlay_strength=&#8221;0.3&#8243; gradient_direction=&#8221;left_to_right&#8221; shape_divider_position=&#8221;bottom&#8221; bg_image_animation=&#8221;none&#8221; gradient_type=&#8221;default&#8221; shape_type=&#8221;&#8221;][vc_column column_padding=&#8221;no-extra-padding&#8221; column_padding_tablet=&#8221;inherit&#8221; column_padding_phone=&#8221;inherit&#8221; column_padding_position=&#8221;all&#8221; column_element_spacing=&#8221;default&#8221; background_color_opacity=&#8221;1&#8243; background_hover_color_opacity=&#8221;1&#8243;...","og_url":"https:\/\/tsvmusberg.de\/fussball\/inkluskion-aktuelles\/","og_site_name":"Fu\u00dfball","article_modified_time":"2022-08-02T10:34:10+00:00","twitter_card":"summary_large_image","twitter_misc":{"Gesch\u00e4tzte Lesezeit":"4\u00a0Minuten"},"schema":{"@context":"https:\/\/schema.org","@graph":[{"@type":"WebPage","@id":"https:\/\/tsvmusberg.de\/fussball\/inkluskion-aktuelles\/","url":"https:\/\/tsvmusberg.de\/fussball\/inkluskion-aktuelles\/","name":"Aktuelles | Fu\u00dfball","isPartOf":{"@id":"https:\/\/tsvmusberg.de\/fussball\/#website"},"datePublished":"2022-08-01T07:11:49+00:00","dateModified":"2022-08-02T10:34:10+00:00","breadcrumb":{"@id":"https:\/\/tsvmusberg.de\/fussball\/inkluskion-aktuelles\/#breadcrumb"},"inLanguage":"de","potentialAction":[{"@type":"ReadAction","target":["https:\/\/tsvmusberg.de\/fussball\/inkluskion-aktuelles\/"]}]},{"@type":"BreadcrumbList","@id":"https:\/\/tsvmusberg.de\/fussball\/inkluskion-aktuelles\/#breadcrumb","itemListElement":[{"@type":"ListItem","position":1,"name":"Startseite","item":"https:\/\/tsvmusberg.de\/fussball\/"},{"@type":"ListItem","position":2,"name":"Aktuelles"}]},{"@type":"WebSite","@id":"https:\/\/tsvmusberg.de\/fussball\/#website","url":"https:\/\/tsvmusberg.de\/fussball\/","name":"Fu\u00dfball","description":"Turn- und Sportvereinigung in Leinfelden-Echterdingen","publisher":{"@id":"https:\/\/tsvmusberg.de\/fussball\/#organization"},"potentialAction":[{"@type":"SearchAction","target":{"@type":"EntryPoint","urlTemplate":"https:\/\/tsvmusberg.de\/fussball\/?s={search_term_string}"},"query-input":{"@type":"PropertyValueSpecification","valueRequired":true,"valueName":"search_term_string"}}],"inLanguage":"de"},{"@type":"Organization","@id":"https:\/\/tsvmusberg.de\/fussball\/#organization","name":"TSV Musberg e.V.","url":"https:\/\/tsvmusberg.de\/fussball\/","logo":{"@type":"ImageObject","inLanguage":"de","@id":"https:\/\/tsvmusberg.de\/fussball\/#\/schema\/logo\/image\/","url":"https:\/\/tsvmusberg.de\/fussball\/wp-content\/uploads\/sites\/14\/tsv-musberg-logo.svg","contentUrl":"https:\/\/tsvmusberg.de\/fussball\/wp-content\/uploads\/sites\/14\/tsv-musberg-logo.svg","width":1,"height":1,"caption":"TSV Musberg e.V."},"image":{"@id":"https:\/\/tsvmusberg.de\/fussball\/#\/schema\/logo\/image\/"}}]}},"_links":{"self":[{"href":"https:\/\/tsvmusberg.de\/fussball\/wp-json\/wp\/v2\/pages\/986","targetHints":{"allow":["GET"]}}],"collection":[{"href":"https:\/\/tsvmusberg.de\/fussball\/wp-json\/wp\/v2\/pages"}],"about":[{"href":"https:\/\/tsvmusberg.de\/fussball\/wp-json\/wp\/v2\/types\/page"}],"author":[{"embeddable":true,"href":"https:\/\/tsvmusberg.de\/fussball\/wp-json\/wp\/v2\/users\/5"}],"replies":[{"embeddable":true,"href":"https:\/\/tsvmusberg.de\/fussball\/wp-json\/wp\/v2\/comments?post=986"}],"version-history":[{"count":2,"href":"https:\/\/tsvmusberg.de\/fussball\/wp-json\/wp\/v2\/pages\/986\/revisions"}],"predecessor-version":[{"id":992,"href":"https:\/\/tsvmusberg.de\/fussball\/wp-json\/wp\/v2\/pages\/986\/revisions\/992"}],"wp:attachment":[{"href":"https:\/\/tsvmusberg.de\/fussball\/wp-json\/wp\/v2\/media?parent=986"}],"curies":[{"name":"wp","href":"https:\/\/api.w.org\/{rel}","templated":true}]}}